{"id":3315,"date":"2023-07-06T16:04:05","date_gmt":"2023-07-06T19:04:05","guid":{"rendered":"https:\/\/fastindustria.com.br\/?post_type=product&#038;p=3315"},"modified":"2023-07-18T11:51:07","modified_gmt":"2023-07-18T14:51:07","slug":"aerador-de-superficie","status":"publish","type":"product","link":"https:\/\/fastindustria.com.br\/en\/product\/aerador-de-superficie\/","title":{"rendered":"Surface Aerator"},"content":{"rendered":"<div style=\"white-space: pre-wrap;\" data-draftjs-conductor-fragment=\"{&quot;blocks&quot;:[{&quot;key&quot;:&quot;edg82&quot;,&quot;text&quot;:&quot;O aerador de superf\u00edcie ASF Fast foi desenvolvido para ser instalado em tanques e lagoas com a finalidade de acelerar o processo natural de fornecimento de oxig\u00eanio, proporcionando condi\u00e7\u00f5es favor\u00e1veis para o crescimento de microrganismos e mantendo os s\u00f3lidos em suspens\u00e3o, evitando a decanta\u00e7\u00e3o e o ac\u00famulo de s\u00f3lidos no fundo do local instalado.&quot;,&quot;type&quot;:&quot;unstyled&quot;,&quot;depth&quot;:0,&quot;inlineStyleRanges&quot;:[{&quot;offset&quot;:2,&quot;length&quot;:21,&quot;style&quot;:&quot;BOLD&quot;},{&quot;offset&quot;:24,&quot;length&quot;:3,&quot;style&quot;:&quot;BOLD&quot;}],&quot;entityRanges&quot;:[{&quot;offset&quot;:28,&quot;length&quot;:320,&quot;key&quot;:0}],&quot;data&quot;:{}},{&quot;key&quot;:&quot;ebcd&quot;,&quot;text&quot;:&quot;A h\u00e9lice propulsora, ao girar em alta velocidade, gera uma press\u00e3o negativa que leva o ar para o interior do efluente l\u00edquido, promovendo maior taxa de transfer\u00eancia do oxig\u00eanio. Isso \u00e9 fundamental para sobreviv\u00eancia dos microrganismos aer\u00f3bicos, que s\u00e3o respons\u00e1veis pela degrada\u00e7\u00e3o de compostos org\u00e2nicos presentes no efluente. Al\u00e9m disso, a h\u00e9lice auxilia na homogeneiza\u00e7\u00e3o do efluente, promovendo suspens\u00e3o do lodo no tratamento para evitar sedimenta\u00e7\u00e3o dos s\u00f3lidos.&quot;,&quot;type&quot;:&quot;unstyled&quot;,&quot;depth&quot;:0,&quot;inlineStyleRanges&quot;:[],&quot;entityRanges&quot;:[{&quot;offset&quot;:109,&quot;length&quot;:8,&quot;key&quot;:1},{&quot;offset&quot;:320,&quot;length&quot;:8,&quot;key&quot;:1},{&quot;offset&quot;:380,&quot;length&quot;:8,&quot;key&quot;:1}],&quot;data&quot;:{}}],&quot;entityMap&quot;:{&quot;0&quot;:{&quot;type&quot;:&quot;CORRECTION&quot;,&quot;mutability&quot;:&quot;MUTABLE&quot;,&quot;data&quot;:{&quot;id&quot;:&quot;FRASE_LONGA&quot;,&quot;spans&quot;:[{&quot;offset&quot;:28,&quot;length&quot;:320,&quot;content&quot;:&quot;Fast foi desenvolvido para ser instalado em tanques e lagoas com a finalidade de acelerar o processo natural de fornecimento de oxig\u00eanio, proporcionando condi\u00e7\u00f5es favor\u00e1veis para o crescimento de microrganismos e mantendo os s\u00f3lidos em suspens\u00e3o, evitando a decanta\u00e7\u00e3o e o ac\u00famulo de s\u00f3lidos no fundo do local instalado.&quot;}],&quot;par&quot;:0,&quot;sent&quot;:1,&quot;score&quot;:{&quot;concisao&quot;:2},&quot;_id&quot;:&quot;64b1b396be6b0334e795c12f&quot;,&quot;custom&quot;:{&quot;title&quot;:&quot;Frase muito longa | &lt;i&gt;320 toques&lt;\/i&gt;&quot;,&quot;feedback&quot;:&quot;S\u00f3 conseguimos dominar um n\u00famero limitado de palavras antes de precisar de uma pausa. Frases curtas facilitam a compreens\u00e3o do texto.&quot;,&quot;more&quot;:&quot;&lt;ul&gt; &lt;li&gt; &lt;p&gt;Se sua frase est\u00e1 muito muito longa, tente dividi-la em duas.&lt;\/p&gt; &lt;\/li&gt; &lt;li&gt; &lt;p&gt; Corte palavras desnecess\u00e1rias. Comece pelos adv\u00e9rbios e adjetivos. &lt;\/p&gt; &lt;\/li&gt; &lt;li&gt; &lt;p&gt; Substitua os poliss\u00edlabos por palavras simples: &lt;i&gt;usar&lt;\/i&gt; \u00e9 mais simples que &lt;i&gt;utilizar&lt;\/i&gt;. &lt;\/p&gt; &lt;\/li&gt; &lt;\/ul&gt;&quot;},&quot;hide&quot;:false,&quot;itemId&quot;:&quot;DEVIATION_FRASE_LONGA_64b1b396be6b0334e795c12f&quot;}},&quot;1&quot;:{&quot;type&quot;:&quot;CORRECTION&quot;,&quot;mutability&quot;:&quot;MUTABLE&quot;,&quot;data&quot;:{&quot;id&quot;:&quot;USO_PALAVRAS_REPETIDAS&quot;,&quot;spans&quot;:[{&quot;offset&quot;:458,&quot;length&quot;:8,&quot;content&quot;:&quot;efluente&quot;,&quot;par&quot;:0},{&quot;offset&quot;:669,&quot;length&quot;:8,&quot;content&quot;:&quot;efluente&quot;,&quot;par&quot;:0},{&quot;offset&quot;:729,&quot;length&quot;:8,&quot;content&quot;:&quot;efluente&quot;,&quot;par&quot;:0}],&quot;par&quot;:0,&quot;score&quot;:{&quot;originalidade&quot;:3},&quot;_id&quot;:&quot;64b1b359be6b0348c295c0c0&quot;,&quot;custom&quot;:{&quot;title&quot;:&quot;Palavras repetidas&quot;,&quot;feedback&quot;:&quot;Palavras repetidas deixam a leitura cansativa.&quot;,&quot;more&quot;:&quot;&lt;ul&gt; &lt;li&gt; &lt;p&gt; Procure usar sin\u00f4nimos ou reescrever a frase para evitar o uso de palavras repetidas. &lt;\/p&gt; &lt;p&gt; &lt;span style='color: red'&gt; Profissionais devem buscar o equil\u00edbrio na &lt;span style='text-decoration-Line: underline'&gt;vida profissional&lt;\/span&gt;. &lt;\/span&gt; &lt;\/p&gt; &lt;p&gt; &lt;span style='color: green'&gt; Profissionais devem buscar o equil\u00edbrio na &lt;span style='text-decoration-Line: underline'&gt;carreira&lt;\/span&gt;. &lt;\/span&gt; &lt;\/p&gt; &lt;\/li&gt; &lt;\/ul&gt;&quot;},&quot;hide&quot;:false,&quot;itemId&quot;:&quot;DEVIATION_USO_PALAVRAS_REPETIDAS_64b1b359be6b0348c295c0c0&quot;}}}}\">\n<div class=\"Draftail-block--unstyled\" data-block=\"true\" data-editor=\"8gcvi\" data-offset-key=\"dgeop-0-0\">\n<div class=\"public-DraftStyleDefault-block public-DraftStyleDefault-ltr\" data-offset-key=\"dgeop-0-0\"><span data-offset-key=\"dgeop-0-0\">THE <\/span><span data-offset-key=\"dgeop-0-1\">surface aerator<\/span> <span data-offset-key=\"dgeop-0-3\">ASF<\/span> <span class=\"jss28718 TEXT_64b1b396be6b0334e795c12f\"><span data-offset-key=\"dgeop-1-0\">Fast was developed to be installed in tanks and lagoons with the purpose of accelerating the natural process of oxygen supply, providing favorable conditions for the growth of microorganisms and keeping solids in suspension, avoiding decantation and the accumulation of solids at the bottom of the installed location.<\/span><\/span><\/div>\n<div data-offset-key=\"dgeop-0-0\"><\/div>\n<\/div>\n<div class=\"Draftail-block--unstyled\" data-block=\"true\" data-editor=\"8gcvi\" data-offset-key=\"cu26l-0-0\">\n<div class=\"public-DraftStyleDefault-block public-DraftStyleDefault-ltr\" data-offset-key=\"cu26l-0-0\"><span data-offset-key=\"cu26l-0-0\">The propeller, when rotating at high speed, generates a negative pressure that takes air into the <\/span><span class=\"jss28718 TEXT_64b1b359be6b0348c295c0c0\"><span data-offset-key=\"cu26l-1-0\">effluent<\/span><\/span><span data-offset-key=\"cu26l-2-0\"> liquid, promoting a higher rate of oxygen transfer. This is essential for the survival of aerobic microorganisms, which are responsible for the degradation of organic compounds present in the <\/span><span class=\"jss28718 TEXT_64b1b359be6b0348c295c0c0\"><span data-offset-key=\"cu26l-3-0\">effluent<\/span><\/span><span data-offset-key=\"cu26l-4-0\">. In addition, the propeller helps in homogenizing the <\/span><span class=\"jss28718 TEXT_64b1b359be6b0348c295c0c0\"><span data-offset-key=\"cu26l-5-0\">effluent<\/span><\/span><span data-offset-key=\"cu26l-6-0\">, promoting suspension of sludge in the treatment to avoid sedimentation of solids.<\/span><\/div>\n<\/div>\n<\/div>\n<p>&nbsp;<\/p>\n<p><strong>Technical description <\/strong><\/p>\n<ul>\n<li>Agitator and float made of stainless steel or polypropylene, increasing the useful life of the equipment and preventing the appearance of contamination or oxidation points;<\/li>\n<li>Naval type fast mixing propeller;<\/li>\n<li>Downward flow;<\/li>\n<li>Angle adjustment as needed;<\/li>\n<li>Electric motor located above the water surface, without exposure to splashes;<\/li>\n<li>Power density used for complete mixing: 25 to 45 W\/m\u00b3;<\/li>\n<li>Oxygen transfer: 1.2 kg O2\/kWh at room temperature and at sea level (STP).<\/li>\n<\/ul>\n<p><strong>Segments and application\u00a0<\/strong><\/p>\n<p>Water Treatment Plant (ETA), Sewage Treatment Plant (ETE), Industrial Effluent Treatment Plant (ETE), cold storage, paper and cellulose, dairy products, beverages, food, tanning, textiles, rendering, among others.<\/p>","protected":false},"excerpt":{"rendered":"<p>O aerador de superf\u00edcie ASF Fast foi desenvolvido para ser instalado em tanques e lagoas com a finalidade de acelerar o processo natural de fornecimento de oxig\u00eanio, proporcionando condi\u00e7\u00f5es favor\u00e1veis para o crescimento de microrganismos e mantendo os s\u00f3lidos em suspens\u00e3o, evitando a decanta\u00e7\u00e3o e o ac\u00famulo de s\u00f3lidos no fundo do local instalado. A [&hellip;]<\/p>","protected":false},"featured_media":2893,"comment_status":"open","ping_status":"closed","template":"","meta":{"arquivo_cliente":"","_joinchat":[]},"product_brand":[],"product_cat":[30,47,33,29],"product_tag":[108],"class_list":{"0":"post-3315","1":"product","2":"type-product","3":"status-publish","4":"has-post-thumbnail","6":"product_cat-frigorificos","7":"product_cat-outras-aplicacoes","8":"product_cat-papel-celulose","9":"product_cat-saneamento","10":"product_tag-ete","12":"first","13":"instock","14":"shipping-taxable","15":"product-type-simple"},"acf":[],"_links":{"self":[{"href":"https:\/\/fastindustria.com.br\/en\/wp-json\/wp\/v2\/product\/3315","targetHints":{"allow":["GET"]}}],"collection":[{"href":"https:\/\/fastindustria.com.br\/en\/wp-json\/wp\/v2\/product"}],"about":[{"href":"https:\/\/fastindustria.com.br\/en\/wp-json\/wp\/v2\/types\/product"}],"replies":[{"embeddable":true,"href":"https:\/\/fastindustria.com.br\/en\/wp-json\/wp\/v2\/comments?post=3315"}],"version-history":[{"count":5,"href":"https:\/\/fastindustria.com.br\/en\/wp-json\/wp\/v2\/product\/3315\/revisions"}],"predecessor-version":[{"id":4672,"href":"https:\/\/fastindustria.com.br\/en\/wp-json\/wp\/v2\/product\/3315\/revisions\/4672"}],"wp:featuredmedia":[{"embeddable":true,"href":"https:\/\/fastindustria.com.br\/en\/wp-json\/wp\/v2\/media\/2893"}],"wp:attachment":[{"href":"https:\/\/fastindustria.com.br\/en\/wp-json\/wp\/v2\/media?parent=3315"}],"wp:term":[{"taxonomy":"product_brand","embeddable":true,"href":"https:\/\/fastindustria.com.br\/en\/wp-json\/wp\/v2\/product_brand?post=3315"},{"taxonomy":"product_cat","embeddable":true,"href":"https:\/\/fastindustria.com.br\/en\/wp-json\/wp\/v2\/product_cat?post=3315"},{"taxonomy":"product_tag","embeddable":true,"href":"https:\/\/fastindustria.com.br\/en\/wp-json\/wp\/v2\/product_tag?post=3315"}],"curies":[{"name":"wp","href":"https:\/\/api.w.org\/{rel}","templated":true}]}}