{"id":3310,"date":"2023-07-06T15:55:28","date_gmt":"2023-07-06T18:55:28","guid":{"rendered":"https:\/\/fastindustria.com.br\/?post_type=product&#038;p=3310"},"modified":"2023-07-18T11:49:59","modified_gmt":"2023-07-18T14:49:59","slug":"rosca-transportadora","status":"publish","type":"product","link":"https:\/\/fastindustria.com.br\/en\/product\/rosca-transportadora\/","title":{"rendered":"Screw Conveyor"},"content":{"rendered":"<p>The Fast \u201cU\u201d trough type helical screw conveyor is a piece of equipment that transports solid materials present in effluents and other industrial applications. Robustly manufactured, it is designed for a long service life and low maintenance costs.<\/p>\n<p>Through the helical system, of the endless screw type, it is used to transport materials continuously, horizontally or inclined in a single or reversible direction, meeting the needs of your process.<\/p>\n<p>&nbsp;<\/p>\n<p><strong>Advantages<\/strong><\/p>\n<ul>\n<li>Accessible mechanical design, according to the needs of each project;<\/li>\n<li>Compact equipment that can be easily adapted to the location;<\/li>\n<li>Ease of maintenance;<\/li>\n<li>Versatility in terms of installation, which can be horizontal, inclined or vertical;<\/li>\n<li>Option of manufacturing in different materials with resistance to corrosion, abrasion or heat;<\/li>\n<li>It can be equipped with multiple feeding and disposal points.<\/li>\n<\/ul>","protected":false},"excerpt":{"rendered":"<p>A rosca transportadora helicoidal tipo calha \u201cU\u201d Fast \u00e9 um equipamento que atua no transporte de materiais s\u00f3lidos presentes em efluentes e outras aplica\u00e7\u00f5es na ind\u00fastria. De fabrica\u00e7\u00e3o robusta, \u00e9 projetada para longa vida \u00fatil e baixo custo de manuten\u00e7\u00e3o. Atrav\u00e9s do sistema helicoidal, do tipo rosca sem fim, \u00e9 utilizada no transporte de materiais [&hellip;]<\/p>","protected":false},"featured_media":2936,"comment_status":"open","ping_status":"closed","template":"","meta":{"arquivo_cliente":"","_joinchat":[]},"product_brand":[],"product_cat":[32,47,33,29],"product_tag":[109,108],"class_list":{"0":"post-3310","1":"product","2":"type-product","3":"status-publish","4":"has-post-thumbnail","6":"product_cat-mineracao","7":"product_cat-outras-aplicacoes","8":"product_cat-papel-celulose","9":"product_cat-saneamento","10":"product_tag-eta","11":"product_tag-ete","13":"first","14":"instock","15":"shipping-taxable","16":"product-type-simple"},"acf":[],"_links":{"self":[{"href":"https:\/\/fastindustria.com.br\/en\/wp-json\/wp\/v2\/product\/3310","targetHints":{"allow":["GET"]}}],"collection":[{"href":"https:\/\/fastindustria.com.br\/en\/wp-json\/wp\/v2\/product"}],"about":[{"href":"https:\/\/fastindustria.com.br\/en\/wp-json\/wp\/v2\/types\/product"}],"replies":[{"embeddable":true,"href":"https:\/\/fastindustria.com.br\/en\/wp-json\/wp\/v2\/comments?post=3310"}],"version-history":[{"count":5,"href":"https:\/\/fastindustria.com.br\/en\/wp-json\/wp\/v2\/product\/3310\/revisions"}],"predecessor-version":[{"id":4671,"href":"https:\/\/fastindustria.com.br\/en\/wp-json\/wp\/v2\/product\/3310\/revisions\/4671"}],"wp:featuredmedia":[{"embeddable":true,"href":"https:\/\/fastindustria.com.br\/en\/wp-json\/wp\/v2\/media\/2936"}],"wp:attachment":[{"href":"https:\/\/fastindustria.com.br\/en\/wp-json\/wp\/v2\/media?parent=3310"}],"wp:term":[{"taxonomy":"product_brand","embeddable":true,"href":"https:\/\/fastindustria.com.br\/en\/wp-json\/wp\/v2\/product_brand?post=3310"},{"taxonomy":"product_cat","embeddable":true,"href":"https:\/\/fastindustria.com.br\/en\/wp-json\/wp\/v2\/product_cat?post=3310"},{"taxonomy":"product_tag","embeddable":true,"href":"https:\/\/fastindustria.com.br\/en\/wp-json\/wp\/v2\/product_tag?post=3310"}],"curies":[{"name":"wp","href":"https:\/\/api.w.org\/{rel}","templated":true}]}}