{"id":3308,"date":"2023-07-06T15:51:30","date_gmt":"2023-07-06T18:51:30","guid":{"rendered":"https:\/\/fastindustria.com.br\/?post_type=product&#038;p=3308"},"modified":"2023-08-08T17:32:25","modified_gmt":"2023-08-08T20:32:25","slug":"peneira-estatica","status":"publish","type":"product","link":"https:\/\/fastindustria.com.br\/en\/product\/peneira-estatica\/","title":{"rendered":"Static Sieve"},"content":{"rendered":"<div data-elementor-type=\"product-post\" data-elementor-id=\"3308\" class=\"elementor elementor-3308\" data-elementor-settings=\"{&quot;ha_cmc_init_switcher&quot;:&quot;no&quot;}\" data-elementor-post-type=\"product\">\n\t\t\t\t\t\t<section class=\"elementor-section elementor-top-section elementor-element elementor-element-24986511 elementor-section-boxed elementor-section-height-default elementor-section-height-default\" data-id=\"24986511\" data-element_type=\"section\" data-e-type=\"section\" data-settings=\"{&quot;_ha_eqh_enable&quot;:false}\">\n\t\t\t\t\t\t<div class=\"elementor-container elementor-column-gap-default\">\n\t\t\t\t\t<div class=\"elementor-column elementor-col-100 elementor-top-column elementor-element elementor-element-70a0011f\" data-id=\"70a0011f\" data-element_type=\"column\" data-e-type=\"column\">\n\t\t\t<div class=\"elementor-widget-wrap elementor-element-populated\">\n\t\t\t\t\t\t<div class=\"elementor-element elementor-element-a21d389 elementor-widget elementor-widget-text-editor\" data-id=\"a21d389\" data-element_type=\"widget\" data-e-type=\"widget\" data-widget_type=\"text-editor.default\">\n\t\t\t\t<div class=\"elementor-widget-container\">\n\t\t\t\t\t\t\t\t\t<div style=\"white-space: pre-wrap;\" data-draftjs-conductor-fragment=\"{&quot;blocks&quot;:[{&quot;key&quot;:&quot;6bp4h&quot;,&quot;text&quot;:&quot;A Peneira Est\u00e1tica Fast \u00e9 um equipamento que utiliza do princ\u00edpio da filtra\u00e7\u00e3o para a reten\u00e7\u00e3o e separa\u00e7\u00e3o de s\u00f3lidos em suspens\u00e3o presentes no efluente bruto. O equipamento \u00e9 aplicado em Esta\u00e7\u00f5es de Tratamento de Efluentes (ETE) como unidade preliminar de tratamento.&quot;,&quot;type&quot;:&quot;unstyled&quot;,&quot;depth&quot;:0,&quot;inlineStyleRanges&quot;:[],&quot;entityRanges&quot;:[],&quot;data&quot;:{}},{&quot;key&quot;:&quot;90ndh&quot;,&quot;text&quot;:&quot;Projetada para longa vida \u00fatil, baixo custo de implanta\u00e7\u00e3o e manuten\u00e7\u00e3o e sem qualquer gasto de energia el\u00e9trica, j\u00e1 que sua forma construtiva possibilita a filtra\u00e7\u00e3o atrav\u00e9s da a\u00e7\u00e3o da gravidade.&quot;,&quot;type&quot;:&quot;unstyled&quot;,&quot;depth&quot;:0,&quot;inlineStyleRanges&quot;:[],&quot;entityRanges&quot;:[],&quot;data&quot;:{}},{&quot;key&quot;:&quot;4tlib&quot;,&quot;text&quot;:&quot;O efluente bruto \u00e9 direcionado ao interior do equipamento e, atrav\u00e9s da calha de distribui\u00e7\u00e3o, transborda e entra em contato com o meio filtrante que permite a passagem somente da parte l\u00edquida. Essa, por sua vez, escoa para o interior da estrutura do equipamento e \u00e9 descarregada pela tubula\u00e7\u00e3o de sa\u00edda. Os s\u00f3lidos em suspens\u00e3o ficam retidos sobre o meio filtrante e, pelo seu pr\u00f3prio peso e pela inclina\u00e7\u00e3o do meio filtrante, s\u00e3o direcionados para a borda de descarga da tela, permitindo sua coleta.&quot;,&quot;type&quot;:&quot;unstyled&quot;,&quot;depth&quot;:0,&quot;inlineStyleRanges&quot;:[],&quot;entityRanges&quot;:[{&quot;offset&quot;:0,&quot;length&quot;:1,&quot;key&quot;:0},{&quot;offset&quot;:131,&quot;length&quot;:4,&quot;key&quot;:1},{&quot;offset&quot;:136,&quot;length&quot;:9,&quot;key&quot;:2},{&quot;offset&quot;:195,&quot;length&quot;:4,&quot;key&quot;:0},{&quot;offset&quot;:306,&quot;length&quot;:2,&quot;key&quot;:0},{&quot;offset&quot;:352,&quot;length&quot;:4,&quot;key&quot;:1},{&quot;offset&quot;:357,&quot;length&quot;:9,&quot;key&quot;:2},{&quot;offset&quot;:413,&quot;length&quot;:4,&quot;key&quot;:1},{&quot;offset&quot;:418,&quot;length&quot;:9,&quot;key&quot;:2}],&quot;data&quot;:{}}],&quot;entityMap&quot;:{&quot;0&quot;:{&quot;type&quot;:&quot;CORRECTION&quot;,&quot;mutability&quot;:&quot;MUTABLE&quot;,&quot;data&quot;:{&quot;id&quot;:&quot;REPETICAO_INICIO_FRASE&quot;,&quot;spans&quot;:[{&quot;offset&quot;:466,&quot;length&quot;:1,&quot;content&quot;:&quot;O&quot;,&quot;par&quot;:0},{&quot;offset&quot;:661,&quot;length&quot;:4,&quot;content&quot;:&quot;Essa&quot;,&quot;par&quot;:0},{&quot;offset&quot;:772,&quot;length&quot;:2,&quot;content&quot;:&quot;Os&quot;,&quot;par&quot;:0}],&quot;par&quot;:0,&quot;score&quot;:{&quot;originalidade&quot;:3},&quot;_id&quot;:&quot;64b1b996be6b03489295c995&quot;,&quot;custom&quot;:{&quot;title&quot;:&quot;N\u00e3o inicie frases com estruturas iguais&quot;,&quot;feedback&quot;:&quot;Procure iniciar as frases de forma diferente. Tenha um cuidado especial com a abertura dos par\u00e1grafos.&quot;,&quot;more&quot;:&quot;&lt;ul&gt; &lt;li&gt; &lt;p&gt;N\u00e3o comece muitas frases no mesmo par\u00e1grafo com:&lt;\/p&gt; &lt;p&gt; Artigos: &lt;i&gt;o, os, a, as, um, uns, uma, umas&lt;\/i&gt;. &lt;\/p&gt; &lt;p&gt; Pronomes demonstrativos: &lt;i&gt;esse, esses, essa, essas, isso&lt;\/i&gt;. &lt;\/p&gt; &lt;p&gt;Verbos, adv\u00e9rbios e locu\u00e7\u00f5es adverbiais.&lt;\/p&gt; &lt;\/li&gt; &lt;\/ul&gt;&quot;},&quot;hide&quot;:false,&quot;itemId&quot;:&quot;DEVIATION_REPETICAO_INICIO_FRASE_64b1b996be6b03489295c995&quot;}},&quot;1&quot;:{&quot;type&quot;:&quot;CORRECTION&quot;,&quot;mutability&quot;:&quot;MUTABLE&quot;,&quot;data&quot;:{&quot;id&quot;:&quot;USO_PALAVRAS_REPETIDAS&quot;,&quot;spans&quot;:[{&quot;offset&quot;:597,&quot;length&quot;:4,&quot;content&quot;:&quot;meio&quot;,&quot;par&quot;:0},{&quot;offset&quot;:818,&quot;length&quot;:4,&quot;content&quot;:&quot;meio&quot;,&quot;par&quot;:0},{&quot;offset&quot;:879,&quot;length&quot;:4,&quot;content&quot;:&quot;meio&quot;,&quot;par&quot;:0}],&quot;par&quot;:0,&quot;score&quot;:{&quot;originalidade&quot;:3},&quot;_id&quot;:&quot;64b1b996be6b0366e995c997&quot;,&quot;custom&quot;:{&quot;title&quot;:&quot;Palavras repetidas&quot;,&quot;feedback&quot;:&quot;Palavras repetidas deixam a leitura cansativa.&quot;,&quot;more&quot;:&quot;&lt;ul&gt; &lt;li&gt; &lt;p&gt; Procure usar sin\u00f4nimos ou reescrever a frase para evitar o uso de palavras repetidas. &lt;\/p&gt; &lt;p&gt; &lt;span style='color: red'&gt; Profissionais devem buscar o equil\u00edbrio na &lt;span style='text-decoration-Line: underline'&gt;vida profissional&lt;\/span&gt;. &lt;\/span&gt; &lt;\/p&gt; &lt;p&gt; &lt;span style='color: green'&gt; Profissionais devem buscar o equil\u00edbrio na &lt;span style='text-decoration-Line: underline'&gt;carreira&lt;\/span&gt;. &lt;\/span&gt; &lt;\/p&gt; &lt;\/li&gt; &lt;\/ul&gt;&quot;},&quot;hide&quot;:false,&quot;itemId&quot;:&quot;DEVIATION_USO_PALAVRAS_REPETIDAS_64b1b996be6b0366e995c997&quot;}},&quot;2&quot;:{&quot;type&quot;:&quot;CORRECTION&quot;,&quot;mutability&quot;:&quot;MUTABLE&quot;,&quot;data&quot;:{&quot;id&quot;:&quot;USO_PALAVRAS_REPETIDAS&quot;,&quot;spans&quot;:[{&quot;offset&quot;:602,&quot;length&quot;:9,&quot;content&quot;:&quot;filtrante&quot;,&quot;par&quot;:0},{&quot;offset&quot;:823,&quot;length&quot;:9,&quot;content&quot;:&quot;filtrante&quot;,&quot;par&quot;:0},{&quot;offset&quot;:884,&quot;length&quot;:9,&quot;content&quot;:&quot;filtrante&quot;,&quot;par&quot;:0}],&quot;par&quot;:0,&quot;score&quot;:{&quot;originalidade&quot;:3},&quot;_id&quot;:&quot;64b1b996be6b038c0995c998&quot;,&quot;custom&quot;:{&quot;title&quot;:&quot;Palavras repetidas&quot;,&quot;feedback&quot;:&quot;Palavras repetidas deixam a leitura cansativa.&quot;,&quot;more&quot;:&quot;&lt;ul&gt; &lt;li&gt; &lt;p&gt; Procure usar sin\u00f4nimos ou reescrever a frase para evitar o uso de palavras repetidas. &lt;\/p&gt; &lt;p&gt; &lt;span style='color: red'&gt; Profissionais devem buscar o equil\u00edbrio na &lt;span style='text-decoration-Line: underline'&gt;vida profissional&lt;\/span&gt;. &lt;\/span&gt; &lt;\/p&gt; &lt;p&gt; &lt;span style='color: green'&gt; Profissionais devem buscar o equil\u00edbrio na &lt;span style='text-decoration-Line: underline'&gt;carreira&lt;\/span&gt;. &lt;\/span&gt; &lt;\/p&gt; &lt;\/li&gt; &lt;\/ul&gt;&quot;},&quot;hide&quot;:false,&quot;itemId&quot;:&quot;DEVIATION_USO_PALAVRAS_REPETIDAS_64b1b996be6b038c0995c998&quot;}}}}\"><div class=\"Draftail-block--unstyled\" data-block=\"true\" data-editor=\"8gcvi\" data-offset-key=\"dgeop-0-0\"><div class=\"public-DraftStyleDefault-block public-DraftStyleDefault-ltr\" data-offset-key=\"dgeop-0-0\"><span data-offset-key=\"dgeop-0-0\">The Fast static sieve is a device that uses the filtration principle to retain and separate suspended solids present in raw effluent. It is used in Effluent Treatment Plants (ETEs) as a preliminary treatment unit.<\/span><\/div><div data-offset-key=\"dgeop-0-0\">\u00a0<\/div><\/div><div class=\"Draftail-block--unstyled\" data-block=\"true\" data-editor=\"8gcvi\" data-offset-key=\"8etic-0-0\"><div class=\"public-DraftStyleDefault-block public-DraftStyleDefault-ltr\" data-offset-key=\"8etic-0-0\"><span data-offset-key=\"8etic-0-0\">The equipment is designed to have a long useful life, low implementation and maintenance costs and without any electrical energy consumption, since its construction allows filtration through the action of gravity.<\/span><\/div><div data-offset-key=\"8etic-0-0\">\u00a0<\/div><\/div><div class=\"Draftail-block--unstyled\" data-block=\"true\" data-editor=\"8gcvi\" data-offset-key=\"4nt4o-0-0\"><div class=\"public-DraftStyleDefault-block public-DraftStyleDefault-ltr\" data-offset-key=\"4nt4o-0-0\"><span class=\"jss33958 TEXT_64b1b996be6b03489295c995\"><span data-offset-key=\"4nt4o-0-0\">THE<\/span><\/span><span data-offset-key=\"4nt4o-1-0\"> raw effluent is directed into the equipment and, through the distribution gutter, overflows and comes into contact with the <\/span><span class=\"jss33958 TEXT_64b1b996be6b0366e995c997\"><span data-offset-key=\"4nt4o-2-0\">quite<\/span><\/span> <span class=\"jss33958 TEXT_64b1b996be6b038c0995c998\"><span data-offset-key=\"4nt4o-4-0\">filter<\/span><\/span><span data-offset-key=\"4nt4o-5-0\"> which allows only the liquid part to pass through. <\/span><span class=\"jss33958 TEXT_64b1b996be6b03489295c995\"><span data-offset-key=\"4nt4o-6-0\">That<\/span><\/span><span data-offset-key=\"4nt4o-7-0\">, in turn, flows into the equipment structure and is discharged through the outlet pipe. <\/span><span class=\"jss33958 TEXT_64b1b996be6b03489295c995\"><span data-offset-key=\"4nt4o-8-0\">You<\/span><\/span><span data-offset-key=\"4nt4o-9-0\"> suspended solids are retained on the <\/span><span class=\"jss33958 TEXT_64b1b996be6b0366e995c997\"><span data-offset-key=\"4nt4o-10-0\">quite<\/span><\/span> <span class=\"jss33958 TEXT_64b1b996be6b038c0995c998\"><span data-offset-key=\"4nt4o-12-0\">filter<\/span><\/span><span data-offset-key=\"4nt4o-13-0\"> and, by its own weight and the inclination of the <\/span><span class=\"jss33958 TEXT_64b1b996be6b0366e995c997\"><span data-offset-key=\"4nt4o-14-0\">quite<\/span><\/span> <span class=\"jss33958 TEXT_64b1b996be6b038c0995c998\"><span data-offset-key=\"4nt4o-16-0\">filter<\/span><\/span><span data-offset-key=\"4nt4o-17-0\">, are directed to the discharge edge of the screen, allowing their collection.<\/span><\/div><\/div><\/div>\t\t\t\t\t\t\t\t<\/div>\n\t\t\t\t<\/div>\n\t\t\t\t\t<\/div>\n\t\t<\/div>\n\t\t\t\t\t<\/div>\n\t\t<\/section>\n\t\t\t\t<\/div>","protected":false},"excerpt":{"rendered":"<p>A peneira est\u00e1tica Fast \u00e9 um equipamento que utiliza do princ\u00edpio da filtra\u00e7\u00e3o para a reten\u00e7\u00e3o e separa\u00e7\u00e3o de s\u00f3lidos em suspens\u00e3o presentes no efluente bruto. Ela \u00e9 aplicada em Esta\u00e7\u00f5es de Tratamento de Efluentes (ETEs) como unidade preliminar de tratamento.\u00a0O equipamento \u00e9 projetado para ter longa vida \u00fatil, baixo custo de implanta\u00e7\u00e3o e manuten\u00e7\u00e3o [&hellip;]<\/p>","protected":false},"featured_media":2951,"comment_status":"open","ping_status":"closed","template":"","meta":{"arquivo_cliente":"","_joinchat":[]},"product_brand":[],"product_cat":[45,44,34,30,43,32,47,33,29],"product_tag":[109,108],"class_list":{"0":"post-3308","1":"product","2":"type-product","3":"status-publish","4":"has-post-thumbnail","6":"product_cat-acai","7":"product_cat-bebidas","8":"product_cat-fast-grain","9":"product_cat-frigorificos","10":"product_cat-laticinios","11":"product_cat-mineracao","12":"product_cat-outras-aplicacoes","13":"product_cat-papel-celulose","14":"product_cat-saneamento","15":"product_tag-eta","16":"product_tag-ete","18":"first","19":"instock","20":"shipping-taxable","21":"product-type-simple"},"acf":[],"_links":{"self":[{"href":"https:\/\/fastindustria.com.br\/en\/wp-json\/wp\/v2\/product\/3308","targetHints":{"allow":["GET"]}}],"collection":[{"href":"https:\/\/fastindustria.com.br\/en\/wp-json\/wp\/v2\/product"}],"about":[{"href":"https:\/\/fastindustria.com.br\/en\/wp-json\/wp\/v2\/types\/product"}],"replies":[{"embeddable":true,"href":"https:\/\/fastindustria.com.br\/en\/wp-json\/wp\/v2\/comments?post=3308"}],"version-history":[{"count":7,"href":"https:\/\/fastindustria.com.br\/en\/wp-json\/wp\/v2\/product\/3308\/revisions"}],"predecessor-version":[{"id":4668,"href":"https:\/\/fastindustria.com.br\/en\/wp-json\/wp\/v2\/product\/3308\/revisions\/4668"}],"wp:featuredmedia":[{"embeddable":true,"href":"https:\/\/fastindustria.com.br\/en\/wp-json\/wp\/v2\/media\/2951"}],"wp:attachment":[{"href":"https:\/\/fastindustria.com.br\/en\/wp-json\/wp\/v2\/media?parent=3308"}],"wp:term":[{"taxonomy":"product_brand","embeddable":true,"href":"https:\/\/fastindustria.com.br\/en\/wp-json\/wp\/v2\/product_brand?post=3308"},{"taxonomy":"product_cat","embeddable":true,"href":"https:\/\/fastindustria.com.br\/en\/wp-json\/wp\/v2\/product_cat?post=3308"},{"taxonomy":"product_tag","embeddable":true,"href":"https:\/\/fastindustria.com.br\/en\/wp-json\/wp\/v2\/product_tag?post=3308"}],"curies":[{"name":"wp","href":"https:\/\/api.w.org\/{rel}","templated":true}]}}