{"id":2587,"date":"2023-07-04T10:42:59","date_gmt":"2023-07-04T13:42:59","guid":{"rendered":"https:\/\/fastindustria.com.br\/?post_type=product&#038;p=2587"},"modified":"2023-07-18T09:27:07","modified_gmt":"2023-07-18T12:27:07","slug":"extratora-de-azeite-de-oliva-compactada","status":"publish","type":"product","link":"https:\/\/fastindustria.com.br\/en\/product\/extratora-de-azeite-de-oliva-compactada\/","title":{"rendered":"Fast 100 Monobloc Extractor"},"content":{"rendered":"<p>The Monobloco Fast 100 olive oil extractor is extremely compact, occupying an area of approximately 6 m\u00b2. Ideal for optimizing production, enabling processing immediately after harvesting and extracting high-quality extra virgin olive oil.<\/p>\n<p>With entirely national technology, the equipment has the capacity to process up to 100 kg of fresh olives per hour, offering excellent cost-benefit for small producers.<\/p>\n<p>&nbsp;<\/p>\n<p><strong>Advantages<\/strong><br \/>\nFast has Finame for all equipment used in extraction;<br \/>\n\u2022 2-year warranty against manufacturing defects or faults;<br \/>\n\u2022 National 100% production equipment;<br \/>\nQualified technical staff, composed of mechanical, chemical, food, automation and electrical, environmental engineers, among others, for all necessary support;<br \/>\nTechnical support for the civil engineer to develop the plan (civil works) within the standards established by the current bodies.<\/p>\n<p><strong>Differentials<\/strong><br \/>\nWe have plants operating in Brazil that provide sansa (solid residues) with 0% of olive oil at the decanter outlet and polished olive oil with 0% of impurities (analyzed by bench centrifuge).<\/p>","protected":false},"excerpt":{"rendered":"<p>A extratora de azeite de oliva Monobloco Fast 100 \u00e9 extremamente compactada, ocupando uma \u00e1rea de aproximadamente 6 m\u00b2. Ideal para a otimiza\u00e7\u00e3o da produ\u00e7\u00e3o, possibilitando o processamento logo ap\u00f3s a colheita e uma extra\u00e7\u00e3o de azeite extravirgem de alt\u00edssima qualidade. Com tecnologia inteiramente nacional, o equipamento possui a capacidade de processar at\u00e9 100 kg [&hellip;]<\/p>","protected":false},"featured_media":3098,"comment_status":"open","ping_status":"closed","template":"","meta":{"arquivo_cliente":"","_joinchat":[]},"product_brand":[],"product_cat":[31],"product_tag":[],"class_list":{"0":"post-2587","1":"product","2":"type-product","3":"status-publish","4":"has-post-thumbnail","6":"product_cat-azeite-de-oliva","8":"first","9":"instock","10":"shipping-taxable","11":"product-type-simple"},"acf":[],"_links":{"self":[{"href":"https:\/\/fastindustria.com.br\/en\/wp-json\/wp\/v2\/product\/2587","targetHints":{"allow":["GET"]}}],"collection":[{"href":"https:\/\/fastindustria.com.br\/en\/wp-json\/wp\/v2\/product"}],"about":[{"href":"https:\/\/fastindustria.com.br\/en\/wp-json\/wp\/v2\/types\/product"}],"replies":[{"embeddable":true,"href":"https:\/\/fastindustria.com.br\/en\/wp-json\/wp\/v2\/comments?post=2587"}],"version-history":[{"count":5,"href":"https:\/\/fastindustria.com.br\/en\/wp-json\/wp\/v2\/product\/2587\/revisions"}],"predecessor-version":[{"id":4623,"href":"https:\/\/fastindustria.com.br\/en\/wp-json\/wp\/v2\/product\/2587\/revisions\/4623"}],"wp:featuredmedia":[{"embeddable":true,"href":"https:\/\/fastindustria.com.br\/en\/wp-json\/wp\/v2\/media\/3098"}],"wp:attachment":[{"href":"https:\/\/fastindustria.com.br\/en\/wp-json\/wp\/v2\/media?parent=2587"}],"wp:term":[{"taxonomy":"product_brand","embeddable":true,"href":"https:\/\/fastindustria.com.br\/en\/wp-json\/wp\/v2\/product_brand?post=2587"},{"taxonomy":"product_cat","embeddable":true,"href":"https:\/\/fastindustria.com.br\/en\/wp-json\/wp\/v2\/product_cat?post=2587"},{"taxonomy":"product_tag","embeddable":true,"href":"https:\/\/fastindustria.com.br\/en\/wp-json\/wp\/v2\/product_tag?post=2587"}],"curies":[{"name":"wp","href":"https:\/\/api.w.org\/{rel}","templated":true}]}}