{"id":2566,"date":"2023-07-04T10:38:54","date_gmt":"2023-07-04T13:38:54","guid":{"rendered":"https:\/\/fastindustria.com.br\/?post_type=product&#038;p=2566"},"modified":"2023-07-18T11:42:26","modified_gmt":"2023-07-18T14:42:26","slug":"prensa-parafuso","status":"publish","type":"product","link":"https:\/\/fastindustria.com.br\/en\/product\/prensa-parafuso\/","title":{"rendered":"Screw Press"},"content":{"rendered":"<p>The Fast Press\u00ae screw press was developed as an alternative for sludge dewatering, offering a more efficient solution for separating solids and liquids. It brings major advances in important operational aspects, resolving several technical limitations found in similar equipment.<\/p>\n<p><strong>Differentials<\/strong><\/p>\n<p>\u2022 Protection against wear and tear due to friction, providing a longer useful life for the equipment;<br \/>\n\u2022 Greater energy efficiency;<br \/>\n\u2022 Possibility of including an automatic polymer preparation system;<br \/>\n\u2022 Overflow system;<br \/>\n\u2022 100% in stainless steel;<br \/>\n\u2022 Sanitation system;<br \/>\n\u2022 Lower consumption of chemical products;<br \/>\n\u2022 Low noise level;<br \/>\n\u2022 24h continuous operation;<br \/>\n\u2022 Low maintenance cost;<br \/>\n\u2022 Smaller footprint.<\/p>\n<p>Comparison with other equipment<br \/>\nAs proven by practical applications, it can help create considerable economic and social benefits for your operation.<\/p>\n<p><strong>Working principle<\/strong><\/p>\n<p>Dewatering<br \/>\nThe flocculated sludge continuously advances from the thickening zone towards the dewatering zone. As the screw pitch progressively decreases, the pressure in the inner chamber increases. The sludge is pressed towards the backpressure flange and is dewatered, causing the clarified water to flow between the disc spacings.<\/p>\n<p>Self-cleaning<br \/>\nThe continuous movement of the moving discs carried out up and down under the impulse of the central axis causes the openings between the fixed and moving discs to be cleaned, preventing clogging and facilitating dewatering.<\/p>\n<p>Segments and application<br \/>\nSewage Treatment Plant (STP), Industrial Effluent Treatment Plant (STP), cold storage, paper and cellulose, dairy, beverages, food, tanning, textile, chemical industry, rendering, recycling, fish, pharmaceutical, condominiums, among other wastewater treatment projects.<\/p>","protected":false},"excerpt":{"rendered":"<p>A prensa parafuso Fast Press\u00ae foi desenvolvida como alternativa para desidrata\u00e7\u00e3o de lodo, oferecendo uma solu\u00e7\u00e3o mais eficiente para a separa\u00e7\u00e3o de s\u00f3lidos e l\u00edquidos. Traz grandes avan\u00e7os em importantes aspectos operacionais, resolvendo diversas limita\u00e7\u00f5es t\u00e9cnicas encontradas em equipamentos similares. Diferenciais \u2022 Prote\u00e7\u00e3o contra desgaste por atrito, proporcionando maior vida \u00fatil ao equipamento; \u2022 Maior [&hellip;]<\/p>","protected":false},"featured_media":2941,"comment_status":"open","ping_status":"closed","template":"","meta":{"arquivo_cliente":"","_joinchat":[]},"product_brand":[],"product_cat":[45,44,30,43,47,33,29],"product_tag":[109,108],"class_list":{"0":"post-2566","1":"product","2":"type-product","3":"status-publish","4":"has-post-thumbnail","6":"product_cat-acai","7":"product_cat-bebidas","8":"product_cat-frigorificos","9":"product_cat-laticinios","10":"product_cat-outras-aplicacoes","11":"product_cat-papel-celulose","12":"product_cat-saneamento","13":"product_tag-eta","14":"product_tag-ete","16":"first","17":"instock","18":"shipping-taxable","19":"product-type-simple"},"acf":[],"_links":{"self":[{"href":"https:\/\/fastindustria.com.br\/en\/wp-json\/wp\/v2\/product\/2566","targetHints":{"allow":["GET"]}}],"collection":[{"href":"https:\/\/fastindustria.com.br\/en\/wp-json\/wp\/v2\/product"}],"about":[{"href":"https:\/\/fastindustria.com.br\/en\/wp-json\/wp\/v2\/types\/product"}],"replies":[{"embeddable":true,"href":"https:\/\/fastindustria.com.br\/en\/wp-json\/wp\/v2\/comments?post=2566"}],"version-history":[{"count":6,"href":"https:\/\/fastindustria.com.br\/en\/wp-json\/wp\/v2\/product\/2566\/revisions"}],"predecessor-version":[{"id":4665,"href":"https:\/\/fastindustria.com.br\/en\/wp-json\/wp\/v2\/product\/2566\/revisions\/4665"}],"wp:featuredmedia":[{"embeddable":true,"href":"https:\/\/fastindustria.com.br\/en\/wp-json\/wp\/v2\/media\/2941"}],"wp:attachment":[{"href":"https:\/\/fastindustria.com.br\/en\/wp-json\/wp\/v2\/media?parent=2566"}],"wp:term":[{"taxonomy":"product_brand","embeddable":true,"href":"https:\/\/fastindustria.com.br\/en\/wp-json\/wp\/v2\/product_brand?post=2566"},{"taxonomy":"product_cat","embeddable":true,"href":"https:\/\/fastindustria.com.br\/en\/wp-json\/wp\/v2\/product_cat?post=2566"},{"taxonomy":"product_tag","embeddable":true,"href":"https:\/\/fastindustria.com.br\/en\/wp-json\/wp\/v2\/product_tag?post=2566"}],"curies":[{"name":"wp","href":"https:\/\/api.w.org\/{rel}","templated":true}]}}