{"id":2561,"date":"2023-07-04T10:34:27","date_gmt":"2023-07-04T13:34:27","guid":{"rendered":"https:\/\/fastindustria.com.br\/?post_type=product&#038;p=2561"},"modified":"2023-07-18T11:39:19","modified_gmt":"2023-07-18T14:39:19","slug":"bomba-de-microbolhas","status":"publish","type":"product","link":"https:\/\/fastindustria.com.br\/en\/product\/bomba-de-microbolhas\/","title":{"rendered":"Microbubble Pump"},"content":{"rendered":"<div style=\"white-space: pre-wrap;\" data-draftjs-conductor-fragment=\"{&quot;blocks&quot;:[{&quot;key&quot;:&quot;8jvig&quot;,&quot;text&quot;:&quot;A Fast desenvolveu uma bomba multif\u00e1sica espec\u00edfica para gera\u00e7\u00e3o de microbolhas. Essas microbolhas s\u00e3o a parte essencial para que o sistema de flota\u00e7\u00e3o por ar dissolvido ocorra. O equipamento \u00e9 fabricado com material nobre, sendo que tanto o rotor quanto o estator s\u00e3o em a\u00e7o inoxid\u00e1vel. Por meio da recircula\u00e7\u00e3o parcial do fluido tratado com mecanismos de nuclea\u00e7\u00e3o, cavita\u00e7\u00e3o, arraste e ades\u00e3o, promove a separa\u00e7\u00e3o entre s\u00f3lido e l\u00edquido, resultando em eficiente remo\u00e7\u00e3o de s\u00f3lidos em suspens\u00e3o e precipitados (col\u00f3ides\/part\u00edculas), al\u00e9m de grande redu\u00e7\u00e3o dos par\u00e2metros de DBO, DQO, O&amp;G (\u00f3leos e graxas), f\u00f3sforo e outros. A bomba de microbolhas projetada pela Fast tem elevada efici\u00eancia, com maior n\u00famero de microbolhas, resultando assim em um excelente sistema de flota\u00e7\u00e3o por ar dissolvido.&quot;,&quot;type&quot;:&quot;unstyled&quot;,&quot;depth&quot;:0,&quot;inlineStyleRanges&quot;:[],&quot;entityRanges&quot;:[{&quot;offset&quot;:224,&quot;length&quot;:9,&quot;key&quot;:0},{&quot;offset&quot;:288,&quot;length&quot;:337,&quot;key&quot;:1}],&quot;data&quot;:{}}],&quot;entityMap&quot;:{&quot;0&quot;:{&quot;type&quot;:&quot;CORRECTION&quot;,&quot;mutability&quot;:&quot;MUTABLE&quot;,&quot;data&quot;:{&quot;id&quot;:&quot;USO_SENDO_QUE&quot;,&quot;score&quot;:{&quot;concisao&quot;:2},&quot;replacement&quot;:[&quot;&quot;],&quot;replace&quot;:true,&quot;spans&quot;:[{&quot;offset&quot;:224,&quot;length&quot;:9,&quot;content&quot;:&quot;sendo que&quot;}],&quot;_id&quot;:&quot;64b1bcfdbe6b039c2295cf6c&quot;,&quot;custom&quot;:{&quot;title&quot;:&quot;Uso de &lt;i&gt;sendo que&lt;\/i&gt;&quot;,&quot;feedback&quot;:&quot;Evite usar a express\u00e3o &lt;i&gt;sendo que&lt;\/i&gt;.&quot;,&quot;more&quot;:&quot;&lt;ul&gt; &lt;li&gt; &lt;p&gt; Evite usar a express\u00e3o &lt;i&gt;sendo que&lt;\/i&gt; para ligar ora\u00e7\u00f5es; ela pode ser exclu\u00edda ou substitu\u00edda, dependendo da frase. &lt;\/p&gt; &lt;p&gt; &lt;span style='color: red; font-weight: bold;'&gt;Ele n\u00e3o foi \u00e0 festa, sendo que prometeu ir.&lt;\/span&gt;&lt;br \/&gt; &lt;\/p&gt; &lt;p&gt; &lt;span style='color: green; font-weight: bold;'&gt;Ele n\u00e3o foi \u00e0 festa, mesmo tendo prometido ir.&lt;\/span&gt;&lt;br \/&gt; &lt;\/p&gt;&lt;\/li&gt; &lt;\/ul&gt;&quot;},&quot;hide&quot;:false,&quot;itemId&quot;:&quot;DEVIATION_USO_SENDO_QUE_64b1bcfdbe6b039c2295cf6c&quot;}},&quot;1&quot;:{&quot;type&quot;:&quot;CORRECTION&quot;,&quot;mutability&quot;:&quot;MUTABLE&quot;,&quot;data&quot;:{&quot;id&quot;:&quot;FRASE_LONGA&quot;,&quot;spans&quot;:[{&quot;offset&quot;:288,&quot;length&quot;:337,&quot;content&quot;:&quot;Por meio da recircula\u00e7\u00e3o parcial do fluido tratado com mecanismos de nuclea\u00e7\u00e3o, cavita\u00e7\u00e3o, arraste e ades\u00e3o, promove a separa\u00e7\u00e3o entre s\u00f3lido e l\u00edquido, resultando em eficiente remo\u00e7\u00e3o de s\u00f3lidos em suspens\u00e3o e precipitados (col\u00f3ides\/part\u00edculas), al\u00e9m de grande redu\u00e7\u00e3o dos par\u00e2metros de DBO, DQO, O&amp;G (\u00f3leos e graxas), f\u00f3sforo e outros.&quot;}],&quot;par&quot;:0,&quot;sent&quot;:3,&quot;score&quot;:{&quot;concisao&quot;:2},&quot;_id&quot;:&quot;64b1bcfdbe6b033eec95cf6d&quot;,&quot;custom&quot;:{&quot;title&quot;:&quot;Frase muito longa | &lt;i&gt;337 toques&lt;\/i&gt;&quot;,&quot;feedback&quot;:&quot;S\u00f3 conseguimos dominar um n\u00famero limitado de palavras antes de precisar de uma pausa. Frases curtas facilitam a compreens\u00e3o do texto.&quot;,&quot;more&quot;:&quot;&lt;ul&gt; &lt;li&gt; &lt;p&gt;Se sua frase est\u00e1 muito muito longa, tente dividi-la em duas.&lt;\/p&gt; &lt;\/li&gt; &lt;li&gt; &lt;p&gt; Corte palavras desnecess\u00e1rias. Comece pelos adv\u00e9rbios e adjetivos. &lt;\/p&gt; &lt;\/li&gt; &lt;li&gt; &lt;p&gt; Substitua os poliss\u00edlabos por palavras simples: &lt;i&gt;usar&lt;\/i&gt; \u00e9 mais simples que &lt;i&gt;utilizar&lt;\/i&gt;. &lt;\/p&gt; &lt;\/li&gt; &lt;\/ul&gt;&quot;},&quot;hide&quot;:false,&quot;itemId&quot;:&quot;DEVIATION_FRASE_LONGA_64b1bcfdbe6b033eec95cf6d&quot;}}}}\"><span data-offset-key=\"dgeop-0-0\">Fast has developed a multiphase pump specifically for generating microbubbles. These microbubbles are the essential part for the dissolved air flotation system to occur. The equipment is manufactured with noble material, <\/span><span class=\"jss41253 TEXT_64b1bcfdbe6b039c2295cf6c\"><span data-offset-key=\"dgeop-1-0\">being that<\/span><\/span><span data-offset-key=\"dgeop-2-0\"> both the rotor and stator are made of stainless steel. <\/span><\/div>\n<div data-draftjs-conductor-fragment=\"{&quot;blocks&quot;:[{&quot;key&quot;:&quot;8jvig&quot;,&quot;text&quot;:&quot;A Fast desenvolveu uma bomba multif\u00e1sica espec\u00edfica para gera\u00e7\u00e3o de microbolhas. Essas microbolhas s\u00e3o a parte essencial para que o sistema de flota\u00e7\u00e3o por ar dissolvido ocorra. O equipamento \u00e9 fabricado com material nobre, sendo que tanto o rotor quanto o estator s\u00e3o em a\u00e7o inoxid\u00e1vel. Por meio da recircula\u00e7\u00e3o parcial do fluido tratado com mecanismos de nuclea\u00e7\u00e3o, cavita\u00e7\u00e3o, arraste e ades\u00e3o, promove a separa\u00e7\u00e3o entre s\u00f3lido e l\u00edquido, resultando em eficiente remo\u00e7\u00e3o de s\u00f3lidos em suspens\u00e3o e precipitados (col\u00f3ides\/part\u00edculas), al\u00e9m de grande redu\u00e7\u00e3o dos par\u00e2metros de DBO, DQO, O&amp;G (\u00f3leos e graxas), f\u00f3sforo e outros. A bomba de microbolhas projetada pela Fast tem elevada efici\u00eancia, com maior n\u00famero de microbolhas, resultando assim em um excelente sistema de flota\u00e7\u00e3o por ar dissolvido.&quot;,&quot;type&quot;:&quot;unstyled&quot;,&quot;depth&quot;:0,&quot;inlineStyleRanges&quot;:[],&quot;entityRanges&quot;:[{&quot;offset&quot;:224,&quot;length&quot;:9,&quot;key&quot;:0},{&quot;offset&quot;:288,&quot;length&quot;:337,&quot;key&quot;:1}],&quot;data&quot;:{}}],&quot;entityMap&quot;:{&quot;0&quot;:{&quot;type&quot;:&quot;CORRECTION&quot;,&quot;mutability&quot;:&quot;MUTABLE&quot;,&quot;data&quot;:{&quot;id&quot;:&quot;USO_SENDO_QUE&quot;,&quot;score&quot;:{&quot;concisao&quot;:2},&quot;replacement&quot;:[&quot;&quot;],&quot;replace&quot;:true,&quot;spans&quot;:[{&quot;offset&quot;:224,&quot;length&quot;:9,&quot;content&quot;:&quot;sendo que&quot;}],&quot;_id&quot;:&quot;64b1bcfdbe6b039c2295cf6c&quot;,&quot;custom&quot;:{&quot;title&quot;:&quot;Uso de &lt;i&gt;sendo que&lt;\/i&gt;&quot;,&quot;feedback&quot;:&quot;Evite usar a express\u00e3o &lt;i&gt;sendo que&lt;\/i&gt;.&quot;,&quot;more&quot;:&quot;&lt;ul&gt; &lt;li&gt; &lt;p&gt; Evite usar a express\u00e3o &lt;i&gt;sendo que&lt;\/i&gt; para ligar ora\u00e7\u00f5es; ela pode ser exclu\u00edda ou substitu\u00edda, dependendo da frase. &lt;\/p&gt; &lt;p&gt; &lt;span style='color: red; font-weight: bold;'&gt;Ele n\u00e3o foi \u00e0 festa, sendo que prometeu ir.&lt;\/span&gt;&lt;br \/&gt; &lt;\/p&gt; &lt;p&gt; &lt;span style='color: green; font-weight: bold;'&gt;Ele n\u00e3o foi \u00e0 festa, mesmo tendo prometido ir.&lt;\/span&gt;&lt;br \/&gt; &lt;\/p&gt;&lt;\/li&gt; &lt;\/ul&gt;&quot;},&quot;hide&quot;:false,&quot;itemId&quot;:&quot;DEVIATION_USO_SENDO_QUE_64b1bcfdbe6b039c2295cf6c&quot;}},&quot;1&quot;:{&quot;type&quot;:&quot;CORRECTION&quot;,&quot;mutability&quot;:&quot;MUTABLE&quot;,&quot;data&quot;:{&quot;id&quot;:&quot;FRASE_LONGA&quot;,&quot;spans&quot;:[{&quot;offset&quot;:288,&quot;length&quot;:337,&quot;content&quot;:&quot;Por meio da recircula\u00e7\u00e3o parcial do fluido tratado com mecanismos de nuclea\u00e7\u00e3o, cavita\u00e7\u00e3o, arraste e ades\u00e3o, promove a separa\u00e7\u00e3o entre s\u00f3lido e l\u00edquido, resultando em eficiente remo\u00e7\u00e3o de s\u00f3lidos em suspens\u00e3o e precipitados (col\u00f3ides\/part\u00edculas), al\u00e9m de grande redu\u00e7\u00e3o dos par\u00e2metros de DBO, DQO, O&amp;G (\u00f3leos e graxas), f\u00f3sforo e outros.&quot;}],&quot;par&quot;:0,&quot;sent&quot;:3,&quot;score&quot;:{&quot;concisao&quot;:2},&quot;_id&quot;:&quot;64b1bcfdbe6b033eec95cf6d&quot;,&quot;custom&quot;:{&quot;title&quot;:&quot;Frase muito longa | &lt;i&gt;337 toques&lt;\/i&gt;&quot;,&quot;feedback&quot;:&quot;S\u00f3 conseguimos dominar um n\u00famero limitado de palavras antes de precisar de uma pausa. Frases curtas facilitam a compreens\u00e3o do texto.&quot;,&quot;more&quot;:&quot;&lt;ul&gt; &lt;li&gt; &lt;p&gt;Se sua frase est\u00e1 muito muito longa, tente dividi-la em duas.&lt;\/p&gt; &lt;\/li&gt; &lt;li&gt; &lt;p&gt; Corte palavras desnecess\u00e1rias. Comece pelos adv\u00e9rbios e adjetivos. &lt;\/p&gt; &lt;\/li&gt; &lt;li&gt; &lt;p&gt; Substitua os poliss\u00edlabos por palavras simples: &lt;i&gt;usar&lt;\/i&gt; \u00e9 mais simples que &lt;i&gt;utilizar&lt;\/i&gt;. &lt;\/p&gt; &lt;\/li&gt; &lt;\/ul&gt;&quot;},&quot;hide&quot;:false,&quot;itemId&quot;:&quot;DEVIATION_FRASE_LONGA_64b1bcfdbe6b033eec95cf6d&quot;}}}}\"><\/div>\n<div style=\"white-space: pre-wrap;\" data-draftjs-conductor-fragment=\"{&quot;blocks&quot;:[{&quot;key&quot;:&quot;8jvig&quot;,&quot;text&quot;:&quot;A Fast desenvolveu uma bomba multif\u00e1sica espec\u00edfica para gera\u00e7\u00e3o de microbolhas. Essas microbolhas s\u00e3o a parte essencial para que o sistema de flota\u00e7\u00e3o por ar dissolvido ocorra. O equipamento \u00e9 fabricado com material nobre, sendo que tanto o rotor quanto o estator s\u00e3o em a\u00e7o inoxid\u00e1vel. Por meio da recircula\u00e7\u00e3o parcial do fluido tratado com mecanismos de nuclea\u00e7\u00e3o, cavita\u00e7\u00e3o, arraste e ades\u00e3o, promove a separa\u00e7\u00e3o entre s\u00f3lido e l\u00edquido, resultando em eficiente remo\u00e7\u00e3o de s\u00f3lidos em suspens\u00e3o e precipitados (col\u00f3ides\/part\u00edculas), al\u00e9m de grande redu\u00e7\u00e3o dos par\u00e2metros de DBO, DQO, O&amp;G (\u00f3leos e graxas), f\u00f3sforo e outros. A bomba de microbolhas projetada pela Fast tem elevada efici\u00eancia, com maior n\u00famero de microbolhas, resultando assim em um excelente sistema de flota\u00e7\u00e3o por ar dissolvido.&quot;,&quot;type&quot;:&quot;unstyled&quot;,&quot;depth&quot;:0,&quot;inlineStyleRanges&quot;:[],&quot;entityRanges&quot;:[{&quot;offset&quot;:224,&quot;length&quot;:9,&quot;key&quot;:0},{&quot;offset&quot;:288,&quot;length&quot;:337,&quot;key&quot;:1}],&quot;data&quot;:{}}],&quot;entityMap&quot;:{&quot;0&quot;:{&quot;type&quot;:&quot;CORRECTION&quot;,&quot;mutability&quot;:&quot;MUTABLE&quot;,&quot;data&quot;:{&quot;id&quot;:&quot;USO_SENDO_QUE&quot;,&quot;score&quot;:{&quot;concisao&quot;:2},&quot;replacement&quot;:[&quot;&quot;],&quot;replace&quot;:true,&quot;spans&quot;:[{&quot;offset&quot;:224,&quot;length&quot;:9,&quot;content&quot;:&quot;sendo que&quot;}],&quot;_id&quot;:&quot;64b1bcfdbe6b039c2295cf6c&quot;,&quot;custom&quot;:{&quot;title&quot;:&quot;Uso de &lt;i&gt;sendo que&lt;\/i&gt;&quot;,&quot;feedback&quot;:&quot;Evite usar a express\u00e3o &lt;i&gt;sendo que&lt;\/i&gt;.&quot;,&quot;more&quot;:&quot;&lt;ul&gt; &lt;li&gt; &lt;p&gt; Evite usar a express\u00e3o &lt;i&gt;sendo que&lt;\/i&gt; para ligar ora\u00e7\u00f5es; ela pode ser exclu\u00edda ou substitu\u00edda, dependendo da frase. &lt;\/p&gt; &lt;p&gt; &lt;span style='color: red; font-weight: bold;'&gt;Ele n\u00e3o foi \u00e0 festa, sendo que prometeu ir.&lt;\/span&gt;&lt;br \/&gt; &lt;\/p&gt; &lt;p&gt; &lt;span style='color: green; font-weight: bold;'&gt;Ele n\u00e3o foi \u00e0 festa, mesmo tendo prometido ir.&lt;\/span&gt;&lt;br \/&gt; &lt;\/p&gt;&lt;\/li&gt; &lt;\/ul&gt;&quot;},&quot;hide&quot;:false,&quot;itemId&quot;:&quot;DEVIATION_USO_SENDO_QUE_64b1bcfdbe6b039c2295cf6c&quot;}},&quot;1&quot;:{&quot;type&quot;:&quot;CORRECTION&quot;,&quot;mutability&quot;:&quot;MUTABLE&quot;,&quot;data&quot;:{&quot;id&quot;:&quot;FRASE_LONGA&quot;,&quot;spans&quot;:[{&quot;offset&quot;:288,&quot;length&quot;:337,&quot;content&quot;:&quot;Por meio da recircula\u00e7\u00e3o parcial do fluido tratado com mecanismos de nuclea\u00e7\u00e3o, cavita\u00e7\u00e3o, arraste e ades\u00e3o, promove a separa\u00e7\u00e3o entre s\u00f3lido e l\u00edquido, resultando em eficiente remo\u00e7\u00e3o de s\u00f3lidos em suspens\u00e3o e precipitados (col\u00f3ides\/part\u00edculas), al\u00e9m de grande redu\u00e7\u00e3o dos par\u00e2metros de DBO, DQO, O&amp;G (\u00f3leos e graxas), f\u00f3sforo e outros.&quot;}],&quot;par&quot;:0,&quot;sent&quot;:3,&quot;score&quot;:{&quot;concisao&quot;:2},&quot;_id&quot;:&quot;64b1bcfdbe6b033eec95cf6d&quot;,&quot;custom&quot;:{&quot;title&quot;:&quot;Frase muito longa | &lt;i&gt;337 toques&lt;\/i&gt;&quot;,&quot;feedback&quot;:&quot;S\u00f3 conseguimos dominar um n\u00famero limitado de palavras antes de precisar de uma pausa. Frases curtas facilitam a compreens\u00e3o do texto.&quot;,&quot;more&quot;:&quot;&lt;ul&gt; &lt;li&gt; &lt;p&gt;Se sua frase est\u00e1 muito muito longa, tente dividi-la em duas.&lt;\/p&gt; &lt;\/li&gt; &lt;li&gt; &lt;p&gt; Corte palavras desnecess\u00e1rias. Comece pelos adv\u00e9rbios e adjetivos. &lt;\/p&gt; &lt;\/li&gt; &lt;li&gt; &lt;p&gt; Substitua os poliss\u00edlabos por palavras simples: &lt;i&gt;usar&lt;\/i&gt; \u00e9 mais simples que &lt;i&gt;utilizar&lt;\/i&gt;. &lt;\/p&gt; &lt;\/li&gt; &lt;\/ul&gt;&quot;},&quot;hide&quot;:false,&quot;itemId&quot;:&quot;DEVIATION_FRASE_LONGA_64b1bcfdbe6b033eec95cf6d&quot;}}}}\"><span class=\"jss41253 TEXT_64b1bcfdbe6b033eec95cf6d\"><span data-offset-key=\"dgeop-3-0\">Through partial recirculation of the treated fluid with nucleation, cavitation, drag and adhesion mechanisms, it promotes the separation between solid and liquid, resulting in efficient removal of suspended solids and precipitates (colloids\/particles), in addition to a significant reduction in BOD, COD, O&amp;G (oils and greases), phosphorus and other parameters.<\/span><\/span><span data-offset-key=\"dgeop-4-0\"> The microbubble pump designed by Fast has high efficiency, with a greater number of microbubbles, thus resulting in an excellent dissolved air flotation system.<\/span><\/div>\n<p><strong>Advantages<\/strong><\/p>\n<p>\u2022 Easy handling;<br \/>\n\u2022 Simplified regulation of the air\/solid ratio;<br \/>\n\u2022 Practicality in maintenance;<br \/>\n\u2022 Easy cleaning of the entire system, as it does not generate biofilm;<br \/>\n\u2022 Wide range of operating flow rates.<\/p>\n<p><strong>Segments and application<\/strong><\/p>\n<p>Sewage Treatment Plant (STP), Industrial Effluent Treatment Plant (STP), cold storage, paper and cellulose, dairy products, beverages, food, tanning, textiles, rendering, among others.<\/p>","protected":false},"excerpt":{"rendered":"<p>A Fast desenvolveu uma bomba multif\u00e1sica espec\u00edfica para gera\u00e7\u00e3o de microbolhas. Essas microbolhas s\u00e3o a parte essencial para que o sistema de flota\u00e7\u00e3o por ar dissolvido ocorra. O equipamento \u00e9 fabricado com material nobre, sendo que tanto o rotor quanto o estator s\u00e3o em a\u00e7o inoxid\u00e1vel. Por meio da recircula\u00e7\u00e3o parcial do fluido tratado com [&hellip;]<\/p>","protected":false},"featured_media":3102,"comment_status":"open","ping_status":"closed","template":"","meta":{"arquivo_cliente":"","_joinchat":[]},"product_brand":[],"product_cat":[44,30,43,47,33,29],"product_tag":[108],"class_list":{"0":"post-2561","1":"product","2":"type-product","3":"status-publish","4":"has-post-thumbnail","6":"product_cat-bebidas","7":"product_cat-frigorificos","8":"product_cat-laticinios","9":"product_cat-outras-aplicacoes","10":"product_cat-papel-celulose","11":"product_cat-saneamento","12":"product_tag-ete","14":"first","15":"instock","16":"shipping-taxable","17":"product-type-simple"},"acf":[],"_links":{"self":[{"href":"https:\/\/fastindustria.com.br\/en\/wp-json\/wp\/v2\/product\/2561","targetHints":{"allow":["GET"]}}],"collection":[{"href":"https:\/\/fastindustria.com.br\/en\/wp-json\/wp\/v2\/product"}],"about":[{"href":"https:\/\/fastindustria.com.br\/en\/wp-json\/wp\/v2\/types\/product"}],"replies":[{"embeddable":true,"href":"https:\/\/fastindustria.com.br\/en\/wp-json\/wp\/v2\/comments?post=2561"}],"version-history":[{"count":5,"href":"https:\/\/fastindustria.com.br\/en\/wp-json\/wp\/v2\/product\/2561\/revisions"}],"predecessor-version":[{"id":4664,"href":"https:\/\/fastindustria.com.br\/en\/wp-json\/wp\/v2\/product\/2561\/revisions\/4664"}],"wp:featuredmedia":[{"embeddable":true,"href":"https:\/\/fastindustria.com.br\/en\/wp-json\/wp\/v2\/media\/3102"}],"wp:attachment":[{"href":"https:\/\/fastindustria.com.br\/en\/wp-json\/wp\/v2\/media?parent=2561"}],"wp:term":[{"taxonomy":"product_brand","embeddable":true,"href":"https:\/\/fastindustria.com.br\/en\/wp-json\/wp\/v2\/product_brand?post=2561"},{"taxonomy":"product_cat","embeddable":true,"href":"https:\/\/fastindustria.com.br\/en\/wp-json\/wp\/v2\/product_cat?post=2561"},{"taxonomy":"product_tag","embeddable":true,"href":"https:\/\/fastindustria.com.br\/en\/wp-json\/wp\/v2\/product_tag?post=2561"}],"curies":[{"name":"wp","href":"https:\/\/api.w.org\/{rel}","templated":true}]}}