{"id":2556,"date":"2023-07-04T10:32:30","date_gmt":"2023-07-04T13:32:30","guid":{"rendered":"https:\/\/fastindustria.com.br\/?post_type=product&#038;p=2556"},"modified":"2023-07-18T09:08:08","modified_gmt":"2023-07-18T12:08:08","slug":"centrifuga-vertical-2","status":"publish","type":"product","link":"https:\/\/fastindustria.com.br\/en\/product\/centrifuga-vertical-2\/","title":{"rendered":"EAF Vertical Centrifuge"},"content":{"rendered":"<p>Fast Vertical Centrifuges feature high robustness, reliability, low maintenance requirements, continuous operation, high level of sanitation, compact construction and ease of operation. All this gives the equipment durability and excellent performance, meeting the highest separation quality standards.<\/p>\n<p>Fast vertical centrifuges are ideal for separations that require a high standard of removal, using sedimentation by density difference, as is the case in the extraction of olive oil. These equipment combine high speed and special materials with a specific design.<\/p>\n<p><em>Control<\/em><\/p>\n<p>The control panel is equipped with a PLC to monitor motor overloads and control the machine&#039;s vibration levels.<\/p>\n<h4>Differentials<\/h4>\n<p>Fast vertical centrifuges are manufactured with a carbon steel structure and epoxy paint. The internal parts that come into contact with the product are made of stainless steel, as is the rotor, which has high mechanical resistance and is specially developed to withstand high centrifugal forces.<\/p>","protected":false},"excerpt":{"rendered":"<p>As centr\u00edfugas verticais EAF apresentam caracter\u00edsticas de alta robustez, confiabilidade, pouca necessidade de manuten\u00e7\u00e3o, regime cont\u00ednuo de trabalho, elevado grau de sanitariedade, constru\u00e7\u00e3o compacta e facilidade de opera\u00e7\u00e3o. Tudo isso confere ao equipamento durabilidade e \u00f3timo desempenho, atendendo aos mais elevados padr\u00f5es de qualidade de separa\u00e7\u00e3o. As centr\u00edfugas verticais Fast s\u00e3o ideais para separa\u00e7\u00f5es que [&hellip;]<\/p>","protected":false},"featured_media":2849,"comment_status":"open","ping_status":"closed","template":"","meta":{"arquivo_cliente":"","_joinchat":[]},"product_brand":[],"product_cat":[46,31],"product_tag":[],"class_list":{"0":"post-2556","1":"product","2":"type-product","3":"status-publish","4":"has-post-thumbnail","6":"product_cat-azeite-de-abacate","7":"product_cat-azeite-de-oliva","9":"first","10":"instock","11":"shipping-taxable","12":"product-type-simple"},"acf":[],"_links":{"self":[{"href":"https:\/\/fastindustria.com.br\/en\/wp-json\/wp\/v2\/product\/2556","targetHints":{"allow":["GET"]}}],"collection":[{"href":"https:\/\/fastindustria.com.br\/en\/wp-json\/wp\/v2\/product"}],"about":[{"href":"https:\/\/fastindustria.com.br\/en\/wp-json\/wp\/v2\/types\/product"}],"replies":[{"embeddable":true,"href":"https:\/\/fastindustria.com.br\/en\/wp-json\/wp\/v2\/comments?post=2556"}],"version-history":[{"count":2,"href":"https:\/\/fastindustria.com.br\/en\/wp-json\/wp\/v2\/product\/2556\/revisions"}],"predecessor-version":[{"id":4614,"href":"https:\/\/fastindustria.com.br\/en\/wp-json\/wp\/v2\/product\/2556\/revisions\/4614"}],"wp:featuredmedia":[{"embeddable":true,"href":"https:\/\/fastindustria.com.br\/en\/wp-json\/wp\/v2\/media\/2849"}],"wp:attachment":[{"href":"https:\/\/fastindustria.com.br\/en\/wp-json\/wp\/v2\/media?parent=2556"}],"wp:term":[{"taxonomy":"product_brand","embeddable":true,"href":"https:\/\/fastindustria.com.br\/en\/wp-json\/wp\/v2\/product_brand?post=2556"},{"taxonomy":"product_cat","embeddable":true,"href":"https:\/\/fastindustria.com.br\/en\/wp-json\/wp\/v2\/product_cat?post=2556"},{"taxonomy":"product_tag","embeddable":true,"href":"https:\/\/fastindustria.com.br\/en\/wp-json\/wp\/v2\/product_tag?post=2556"}],"curies":[{"name":"wp","href":"https:\/\/api.w.org\/{rel}","templated":true}]}}