{"id":2554,"date":"2023-07-04T10:29:10","date_gmt":"2023-07-04T13:29:10","guid":{"rendered":"https:\/\/fastindustria.com.br\/?post_type=product&#038;p=2554"},"modified":"2023-07-17T16:49:33","modified_gmt":"2023-07-17T19:49:33","slug":"picador-de-cacho-vazio","status":"publish","type":"product","link":"https:\/\/fastindustria.com.br\/en\/product\/picador-de-cacho-vazio\/","title":{"rendered":"Empty Bunch Chopper"},"content":{"rendered":"<p>The Fast empty bunch chopper, together with the empty bunch press, has a system that can regulate the size of the palm bunch slice, according to the customer&#039;s needs.<\/p>\n<p><strong>\u00a0<\/strong><strong>Advantages: <\/strong><\/p>\n<ul>\n<li>Through the frequency inverter, the operator can control the rotation of the helicoid according to the situation;<\/li>\n<li>System for adjusting the size of cluster particles;<\/li>\n<li>Frequency inverter to control the rotation of the knives.<\/li>\n<\/ul>\n<p>&nbsp;<\/p>\n<p>&nbsp;<\/p>\n<table width=\"78%\">\n<tbody>\n<tr>\n<td width=\"63%\">Length<\/td>\n<td width=\"36%\">3,700 mm<\/td>\n<\/tr>\n<tr>\n<td width=\"63%\">Width<\/td>\n<td width=\"36%\">2,300mm<\/td>\n<\/tr>\n<tr>\n<td width=\"63%\">Height<\/td>\n<td width=\"36%\">1,300 mm<\/td>\n<\/tr>\n<tr>\n<td width=\"63%\">Capacity<\/td>\n<td width=\"36%\">8 to 10 tons\/h<\/td>\n<\/tr>\n<\/tbody>\n<\/table>\n<p>&nbsp;<\/p>","protected":false},"excerpt":{"rendered":"<p>O picador de cachos vazios Fast, em conjunto com a prensa de cachos vazios, tem um sistema que pode regular o tamanho da fatia do cacho da palma, de acordo com a necessidade do cliente. \u00a0Vantagens: Atrav\u00e9s do inversor de frequ\u00eancia, o operador poder\u00e1 controlar a rota\u00e7\u00e3o do helicoide de acordo com a situa\u00e7\u00e3o; Sistema [&hellip;]<\/p>","protected":false},"featured_media":2555,"comment_status":"open","ping_status":"closed","template":"","meta":{"arquivo_cliente":"","_joinchat":[]},"product_brand":[],"product_cat":[35],"product_tag":[],"class_list":{"0":"post-2554","1":"product","2":"type-product","3":"status-publish","4":"has-post-thumbnail","6":"product_cat-oleo-de-palma","8":"first","9":"instock","10":"shipping-taxable","11":"product-type-simple"},"acf":[],"_links":{"self":[{"href":"https:\/\/fastindustria.com.br\/en\/wp-json\/wp\/v2\/product\/2554","targetHints":{"allow":["GET"]}}],"collection":[{"href":"https:\/\/fastindustria.com.br\/en\/wp-json\/wp\/v2\/product"}],"about":[{"href":"https:\/\/fastindustria.com.br\/en\/wp-json\/wp\/v2\/types\/product"}],"replies":[{"embeddable":true,"href":"https:\/\/fastindustria.com.br\/en\/wp-json\/wp\/v2\/comments?post=2554"}],"version-history":[{"count":4,"href":"https:\/\/fastindustria.com.br\/en\/wp-json\/wp\/v2\/product\/2554\/revisions"}],"predecessor-version":[{"id":4569,"href":"https:\/\/fastindustria.com.br\/en\/wp-json\/wp\/v2\/product\/2554\/revisions\/4569"}],"wp:featuredmedia":[{"embeddable":true,"href":"https:\/\/fastindustria.com.br\/en\/wp-json\/wp\/v2\/media\/2555"}],"wp:attachment":[{"href":"https:\/\/fastindustria.com.br\/en\/wp-json\/wp\/v2\/media?parent=2554"}],"wp:term":[{"taxonomy":"product_brand","embeddable":true,"href":"https:\/\/fastindustria.com.br\/en\/wp-json\/wp\/v2\/product_brand?post=2554"},{"taxonomy":"product_cat","embeddable":true,"href":"https:\/\/fastindustria.com.br\/en\/wp-json\/wp\/v2\/product_cat?post=2554"},{"taxonomy":"product_tag","embeddable":true,"href":"https:\/\/fastindustria.com.br\/en\/wp-json\/wp\/v2\/product_tag?post=2554"}],"curies":[{"name":"wp","href":"https:\/\/api.w.org\/{rel}","templated":true}]}}