{"id":2552,"date":"2023-07-04T10:28:09","date_gmt":"2023-07-04T13:28:09","guid":{"rendered":"https:\/\/fastindustria.com.br\/?post_type=product&#038;p=2552"},"modified":"2023-07-14T18:29:20","modified_gmt":"2023-07-14T21:29:20","slug":"2552","status":"publish","type":"product","link":"https:\/\/fastindustria.com.br\/en\/product\/2552\/","title":{"rendered":"Rotary Sieve"},"content":{"rendered":"<div style=\"white-space: pre-wrap;\" data-draftjs-conductor-fragment=\"{&quot;blocks&quot;:[{&quot;key&quot;:&quot;a096g&quot;,&quot;text&quot;:&quot;A peneira rotativa desenvolvida pela Fast \u00e9 de constru\u00e7\u00e3o robusta, fabricada totalmente em a\u00e7o inoxid\u00e1vel, possuindo opera\u00e7\u00e3o cont\u00ednua e sistema de higieniza\u00e7\u00e3o autom\u00e1tica do meio filtrante. Projetada para longa vida \u00fatil e baixa manuten\u00e7\u00e3o, \u00e9 utilizada para reten\u00e7\u00e3o e separa\u00e7\u00e3o de s\u00f3lidos em suspens\u00e3o dos efluentes brutos, geralmente como unidade preliminar nas plantas de tratamento de efluentes.&quot;,&quot;type&quot;:&quot;unstyled&quot;,&quot;depth&quot;:0,&quot;inlineStyleRanges&quot;:[],&quot;entityRanges&quot;:[],&quot;data&quot;:{}},{&quot;key&quot;:&quot;2frst&quot;,&quot;text&quot;:&quot;A forma construtiva da peneira, formada por um tambor filtrante rotativo montado horizontalmente sobre a estrutura de sustenta\u00e7\u00e3o atrav\u00e9s de flanges de centraliza\u00e7\u00e3o e mancais de apoio, permite que seja autolimpante. O acionamento \u00e9 formado por um conjunto motorredutor, de forma a manter uma velocidade adequada do tambor para uma eficiente remo\u00e7\u00e3o dos s\u00f3lidos.&quot;,&quot;type&quot;:&quot;unstyled&quot;,&quot;depth&quot;:0,&quot;inlineStyleRanges&quot;:[],&quot;entityRanges&quot;:[],&quot;data&quot;:{}},{&quot;key&quot;:&quot;nlf3&quot;,&quot;text&quot;:&quot;O efluente bruto \u00e9 direcionado ao interior do equipamento, entrando em contato com o cesto rotativo. Assim, o meio filtrante atua como um filtro, permitindo a passagem somente da parte l\u00edquida para a \u00e1rea externa do cesto rotativo, escoando para a calha e direcionando para a sa\u00edda do equipamento. Enquanto isso, os s\u00f3lidos em suspens\u00e3o ficam retidos sobre o meio filtrante e, com o aux\u00edlio do helicoide, s\u00e3o direcionas para fora do cesto rotativo at\u00e9 a extremidade oposta da alimenta\u00e7\u00e3o, permitindo sua coleta.&quot;,&quot;type&quot;:&quot;unstyled&quot;,&quot;depth&quot;:0,&quot;inlineStyleRanges&quot;:[],&quot;entityRanges&quot;:[{&quot;offset&quot;:85,&quot;length&quot;:5,&quot;key&quot;:0},{&quot;offset&quot;:91,&quot;length&quot;:8,&quot;key&quot;:1},{&quot;offset&quot;:216,&quot;length&quot;:5,&quot;key&quot;:0},{&quot;offset&quot;:222,&quot;length&quot;:8,&quot;key&quot;:1},{&quot;offset&quot;:433,&quot;length&quot;:5,&quot;key&quot;:0},{&quot;offset&quot;:439,&quot;length&quot;:8,&quot;key&quot;:1}],&quot;data&quot;:{}}],&quot;entityMap&quot;:{&quot;0&quot;:{&quot;type&quot;:&quot;CORRECTION&quot;,&quot;mutability&quot;:&quot;MUTABLE&quot;,&quot;data&quot;:{&quot;id&quot;:&quot;USO_PALAVRAS_REPETIDAS&quot;,&quot;spans&quot;:[{&quot;offset&quot;:849,&quot;length&quot;:5,&quot;content&quot;:&quot;cesto&quot;,&quot;par&quot;:0},{&quot;offset&quot;:980,&quot;length&quot;:5,&quot;content&quot;:&quot;cesto&quot;,&quot;par&quot;:0},{&quot;offset&quot;:1197,&quot;length&quot;:5,&quot;content&quot;:&quot;cesto&quot;,&quot;par&quot;:0}],&quot;par&quot;:0,&quot;score&quot;:{&quot;originalidade&quot;:3},&quot;_id&quot;:&quot;64b1be0fea52fd310a8a3aa9&quot;,&quot;custom&quot;:{&quot;title&quot;:&quot;Palavras repetidas&quot;,&quot;feedback&quot;:&quot;Palavras repetidas deixam a leitura cansativa.&quot;,&quot;more&quot;:&quot;&lt;ul&gt; &lt;li&gt; &lt;p&gt; Procure usar sin\u00f4nimos ou reescrever a frase para evitar o uso de palavras repetidas. &lt;\/p&gt; &lt;p&gt; &lt;span style='color: red'&gt; Profissionais devem buscar o equil\u00edbrio na &lt;span style='text-decoration-Line: underline'&gt;vida profissional&lt;\/span&gt;. &lt;\/span&gt; &lt;\/p&gt; &lt;p&gt; &lt;span style='color: green'&gt; Profissionais devem buscar o equil\u00edbrio na &lt;span style='text-decoration-Line: underline'&gt;carreira&lt;\/span&gt;. &lt;\/span&gt; &lt;\/p&gt; &lt;\/li&gt; &lt;\/ul&gt;&quot;},&quot;hide&quot;:false,&quot;itemId&quot;:&quot;DEVIATION_USO_PALAVRAS_REPETIDAS_64b1be0fea52fd310a8a3aa9&quot;}},&quot;1&quot;:{&quot;type&quot;:&quot;CORRECTION&quot;,&quot;mutability&quot;:&quot;MUTABLE&quot;,&quot;data&quot;:{&quot;id&quot;:&quot;USO_PALAVRAS_REPETIDAS&quot;,&quot;spans&quot;:[{&quot;offset&quot;:855,&quot;length&quot;:8,&quot;content&quot;:&quot;rotativo&quot;,&quot;par&quot;:0},{&quot;offset&quot;:986,&quot;length&quot;:8,&quot;content&quot;:&quot;rotativo&quot;,&quot;par&quot;:0},{&quot;offset&quot;:1203,&quot;length&quot;:8,&quot;content&quot;:&quot;rotativo&quot;,&quot;par&quot;:0}],&quot;par&quot;:0,&quot;score&quot;:{&quot;originalidade&quot;:3},&quot;_id&quot;:&quot;64b1be0fea52fdc1068a3aaa&quot;,&quot;custom&quot;:{&quot;title&quot;:&quot;Palavras repetidas&quot;,&quot;feedback&quot;:&quot;Palavras repetidas deixam a leitura cansativa.&quot;,&quot;more&quot;:&quot;&lt;ul&gt; &lt;li&gt; &lt;p&gt; Procure usar sin\u00f4nimos ou reescrever a frase para evitar o uso de palavras repetidas. &lt;\/p&gt; &lt;p&gt; &lt;span style='color: red'&gt; Profissionais devem buscar o equil\u00edbrio na &lt;span style='text-decoration-Line: underline'&gt;vida profissional&lt;\/span&gt;. &lt;\/span&gt; &lt;\/p&gt; &lt;p&gt; &lt;span style='color: green'&gt; Profissionais devem buscar o equil\u00edbrio na &lt;span style='text-decoration-Line: underline'&gt;carreira&lt;\/span&gt;. &lt;\/span&gt; &lt;\/p&gt; &lt;\/li&gt; &lt;\/ul&gt;&quot;},&quot;hide&quot;:false,&quot;itemId&quot;:&quot;DEVIATION_USO_PALAVRAS_REPETIDAS_64b1be0fea52fdc1068a3aaa&quot;}}}}\">\n<div class=\"Draftail-block--unstyled\" data-block=\"true\" data-editor=\"8gcvi\" data-offset-key=\"dgeop-0-0\">\n<div class=\"public-DraftStyleDefault-block public-DraftStyleDefault-ltr\" data-offset-key=\"dgeop-0-0\"><span data-offset-key=\"dgeop-0-0\">The rotary screen developed by Fast is robustly constructed, manufactured entirely in stainless steel, with continuous operation and an automatic filter media sanitation system. Designed for long service life and low maintenance, it is used to retain and separate suspended solids from raw effluents, generally as a preliminary unit in effluent treatment plants.<\/span><\/div>\n<div data-offset-key=\"dgeop-0-0\"><\/div>\n<\/div>\n<div class=\"Draftail-block--unstyled\" data-block=\"true\" data-editor=\"8gcvi\" data-offset-key=\"e8qvp-0-0\">\n<div class=\"public-DraftStyleDefault-block public-DraftStyleDefault-ltr\" data-offset-key=\"e8qvp-0-0\"><span data-offset-key=\"e8qvp-0-0\">The construction of the screen, formed by a rotating filter drum mounted horizontally on the support structure through centralization flanges and support bearings, allows it to be self-cleaning. The drive is formed by a gear motor assembly, in order to maintain an adequate drum speed for efficient removal of solids.<\/span><\/div>\n<div data-offset-key=\"e8qvp-0-0\"><\/div>\n<\/div>\n<div class=\"Draftail-block--unstyled\" data-block=\"true\" data-editor=\"8gcvi\" data-offset-key=\"57m7d-0-0\">\n<div class=\"public-DraftStyleDefault-block public-DraftStyleDefault-ltr\" data-offset-key=\"57m7d-0-0\"><span data-offset-key=\"57m7d-0-0\">The raw effluent is directed to the interior of the equipment, coming into contact with the <\/span><span class=\"jss43615 TEXT_64b1be0fea52fd310a8a3aa9\"><span data-offset-key=\"57m7d-1-0\">basket<\/span><\/span> <span class=\"jss43615 TEXT_64b1be0fea52fdc1068a3aaa\"><span data-offset-key=\"57m7d-3-0\">rotary<\/span><\/span><span data-offset-key=\"57m7d-4-0\">. Thus, the filter medium acts as a filter, allowing only the liquid part to pass through to the external area of the <\/span><span class=\"jss43615 TEXT_64b1be0fea52fd310a8a3aa9\"><span data-offset-key=\"57m7d-5-0\">basket<\/span><\/span> <span class=\"jss43615 TEXT_64b1be0fea52fdc1068a3aaa\"><span data-offset-key=\"57m7d-7-0\">rotary<\/span><\/span><span data-offset-key=\"57m7d-8-0\">, flowing into the gutter and directed towards the equipment outlet. Meanwhile, the suspended solids are retained on the filter medium and, with the help of the helicoid, are directed out of the <\/span><span class=\"jss43615 TEXT_64b1be0fea52fd310a8a3aa9\"><span data-offset-key=\"57m7d-9-0\">basket<\/span><\/span> <span class=\"jss43615 TEXT_64b1be0fea52fdc1068a3aaa\"><span data-offset-key=\"57m7d-11-0\">rotary<\/span><\/span><span data-offset-key=\"57m7d-12-0\"> to the opposite end of the feed, allowing its collection.<\/span><\/div>\n<\/div>\n<\/div>\n<p><strong>Segments and application\u00a0<\/strong><\/p>\n<p>Sewage Treatment Plant (STP), Industrial Effluent Treatment Plant (STP), cold storage, paper and cellulose, dairy products, beverages, food, tanning, textiles, rendering, among others.<\/p>","protected":false},"excerpt":{"rendered":"<p>The rotary screen developed by Fast is robustly constructed, manufactured entirely in stainless steel, with continuous operation and an automatic filter media sanitation system. Designed for long service life and low maintenance, it is used to retain and separate suspended solids from raw effluents, generally as a preliminary unit in effluent treatment plants.<\/p>","protected":false},"featured_media":2948,"comment_status":"open","ping_status":"closed","template":"","meta":{"arquivo_cliente":"","_joinchat":[]},"product_brand":[],"product_cat":[44,30,43,47,33,29],"product_tag":[109,108],"class_list":{"0":"post-2552","1":"product","2":"type-product","3":"status-publish","4":"has-post-thumbnail","6":"product_cat-bebidas","7":"product_cat-frigorificos","8":"product_cat-laticinios","9":"product_cat-outras-aplicacoes","10":"product_cat-papel-celulose","11":"product_cat-saneamento","12":"product_tag-eta","13":"product_tag-ete","15":"first","16":"instock","17":"shipping-taxable","18":"product-type-simple"},"acf":[],"_links":{"self":[{"href":"https:\/\/fastindustria.com.br\/en\/wp-json\/wp\/v2\/product\/2552","targetHints":{"allow":["GET"]}}],"collection":[{"href":"https:\/\/fastindustria.com.br\/en\/wp-json\/wp\/v2\/product"}],"about":[{"href":"https:\/\/fastindustria.com.br\/en\/wp-json\/wp\/v2\/types\/product"}],"replies":[{"embeddable":true,"href":"https:\/\/fastindustria.com.br\/en\/wp-json\/wp\/v2\/comments?post=2552"}],"version-history":[{"count":4,"href":"https:\/\/fastindustria.com.br\/en\/wp-json\/wp\/v2\/product\/2552\/revisions"}],"predecessor-version":[{"id":4503,"href":"https:\/\/fastindustria.com.br\/en\/wp-json\/wp\/v2\/product\/2552\/revisions\/4503"}],"wp:featuredmedia":[{"embeddable":true,"href":"https:\/\/fastindustria.com.br\/en\/wp-json\/wp\/v2\/media\/2948"}],"wp:attachment":[{"href":"https:\/\/fastindustria.com.br\/en\/wp-json\/wp\/v2\/media?parent=2552"}],"wp:term":[{"taxonomy":"product_brand","embeddable":true,"href":"https:\/\/fastindustria.com.br\/en\/wp-json\/wp\/v2\/product_brand?post=2552"},{"taxonomy":"product_cat","embeddable":true,"href":"https:\/\/fastindustria.com.br\/en\/wp-json\/wp\/v2\/product_cat?post=2552"},{"taxonomy":"product_tag","embeddable":true,"href":"https:\/\/fastindustria.com.br\/en\/wp-json\/wp\/v2\/product_tag?post=2552"}],"curies":[{"name":"wp","href":"https:\/\/api.w.org\/{rel}","templated":true}]}}