{"id":2548,"date":"2023-07-04T10:25:29","date_gmt":"2023-07-04T13:25:29","guid":{"rendered":"https:\/\/fastindustria.com.br\/?post_type=product&#038;p=2548"},"modified":"2023-07-18T09:17:54","modified_gmt":"2023-07-18T12:17:54","slug":"eliminador-de-folhas","status":"publish","type":"product","link":"https:\/\/fastindustria.com.br\/en\/product\/eliminador-de-folhas\/","title":{"rendered":"Leaf Eliminator"},"content":{"rendered":"<p>The conveyor belt and conveyor have an exhaust fan responsible for transporting and eliminating the olive fruit leaves.<\/p>\n<p><strong>Advantages<\/strong><\/p>\n<ul>\n<li>Fast has Finame for all equipment used in extraction;<\/li>\n<li>\u2022 2-year warranty against manufacturing defects or faults;<\/li>\n<li>National 100% production equipment;<\/li>\n<li>Qualified technical staff, composed of mechanical, chemical, food, automation and electrical, environmental engineers, among others, for all necessary support;<\/li>\n<li>Technical support for the civil engineer to develop the plan (civil works) within the standards established by the current bodies.<\/li>\n<\/ul>\n<p>&nbsp;<\/p>\n<p><strong>Differentials<\/strong><\/p>\n<ul>\n<li>We have plants operating in Brazil that provide sansa (solid residues) with 0% of olive oil at the decanter outlet and polished olive oil with 0% of impurities (analyzed by bench centrifuge).<\/li>\n<\/ul>","protected":false},"excerpt":{"rendered":"<p>A esteira e transportadora possuem um exaustor respons\u00e1vel pelo transporte e pela elimina\u00e7\u00e3o das folhas do fruto da oliveira. Vantagens A Fast possui Finame para todos os equipamentos aplicados na extra\u00e7\u00e3o; Garantia de 2 anos contra defeitos ou falhas de fabrica\u00e7\u00e3o; Equipamento de produ\u00e7\u00e3o 100% nacional; Corpo t\u00e9cnico capacitado, composto por engenheiros mec\u00e2nicos, qu\u00edmicos, de [&hellip;]<\/p>","protected":false},"featured_media":3209,"comment_status":"open","ping_status":"closed","template":"","meta":{"arquivo_cliente":"","_joinchat":[]},"product_brand":[],"product_cat":[46,31],"product_tag":[],"class_list":{"0":"post-2548","1":"product","2":"type-product","3":"status-publish","4":"has-post-thumbnail","6":"product_cat-azeite-de-abacate","7":"product_cat-azeite-de-oliva","9":"first","10":"instock","11":"shipping-taxable","12":"product-type-simple"},"acf":[],"_links":{"self":[{"href":"https:\/\/fastindustria.com.br\/en\/wp-json\/wp\/v2\/product\/2548","targetHints":{"allow":["GET"]}}],"collection":[{"href":"https:\/\/fastindustria.com.br\/en\/wp-json\/wp\/v2\/product"}],"about":[{"href":"https:\/\/fastindustria.com.br\/en\/wp-json\/wp\/v2\/types\/product"}],"replies":[{"embeddable":true,"href":"https:\/\/fastindustria.com.br\/en\/wp-json\/wp\/v2\/comments?post=2548"}],"version-history":[{"count":4,"href":"https:\/\/fastindustria.com.br\/en\/wp-json\/wp\/v2\/product\/2548\/revisions"}],"predecessor-version":[{"id":4618,"href":"https:\/\/fastindustria.com.br\/en\/wp-json\/wp\/v2\/product\/2548\/revisions\/4618"}],"wp:featuredmedia":[{"embeddable":true,"href":"https:\/\/fastindustria.com.br\/en\/wp-json\/wp\/v2\/media\/3209"}],"wp:attachment":[{"href":"https:\/\/fastindustria.com.br\/en\/wp-json\/wp\/v2\/media?parent=2548"}],"wp:term":[{"taxonomy":"product_brand","embeddable":true,"href":"https:\/\/fastindustria.com.br\/en\/wp-json\/wp\/v2\/product_brand?post=2548"},{"taxonomy":"product_cat","embeddable":true,"href":"https:\/\/fastindustria.com.br\/en\/wp-json\/wp\/v2\/product_cat?post=2548"},{"taxonomy":"product_tag","embeddable":true,"href":"https:\/\/fastindustria.com.br\/en\/wp-json\/wp\/v2\/product_tag?post=2548"}],"curies":[{"name":"wp","href":"https:\/\/api.w.org\/{rel}","templated":true}]}}