{"id":2546,"date":"2023-07-04T10:23:04","date_gmt":"2023-07-04T13:23:04","guid":{"rendered":"https:\/\/fastindustria.com.br\/?post_type=product&#038;p=2546"},"modified":"2023-07-18T09:23:16","modified_gmt":"2023-07-18T12:23:16","slug":"moega-de-recepcao","status":"publish","type":"product","link":"https:\/\/fastindustria.com.br\/en\/product\/moega-de-recepcao\/","title":{"rendered":"Reception Hopper"},"content":{"rendered":"<p>The Fast extra virgin olive oil extraction system begins with the reception hopper. This equipment is responsible for receiving and storing fresh olives. Available in different volumes, on the floor and in a pit. The harvested fruits are deposited in the hopper and then sent to the conveyor belt, leaf eliminator, washing, crushing, extraction and polishing.<\/p>\n<p><strong>\u00a0<\/strong><\/p>\n<p><strong>Advantages<\/strong><\/p>\n<ul>\n<li>Fast has Finame for all equipment used in extraction;<\/li>\n<li>\u2022 2-year warranty against manufacturing defects or faults;<\/li>\n<li>National 100% production equipment;<\/li>\n<li>Qualified technical staff, composed of mechanical, chemical, food, automation and electrical, environmental engineers, among others, for all necessary support;<\/li>\n<li>Technical support for the civil engineer to develop the plan (civil works) within the standards established by the current bodies.<\/li>\n<\/ul>\n<p>&nbsp;<\/p>\n<p><strong>Differentials<\/strong><\/p>\n<p>We have plants operating in Brazil that provide sansa (solid residues) with 0% of olive oil at the decanter outlet and polished olive oil with 0% of impurities (analyzed by bench centrifuge).<\/p>","protected":false},"excerpt":{"rendered":"<p>\u00c9 pela moega de recep\u00e7\u00e3o que o sistema Fast de extra\u00e7\u00e3o de azeite extravirgem Fast se inicia. Esse equipamento \u00e9 respons\u00e1vel pelo recebimento e armazenamento das azeitonas in natura. Dispon\u00edvel em diversas volumes, nas op\u00e7\u00f5es sobre o piso e em fosso. Os frutos colhidos s\u00e3o depositados na moeda e, em seguida, direcionados para esteira, eliminador [&hellip;]<\/p>","protected":false},"featured_media":2969,"comment_status":"open","ping_status":"closed","template":"","meta":{"arquivo_cliente":"","_joinchat":[]},"product_brand":[],"product_cat":[46,31],"product_tag":[],"class_list":{"0":"post-2546","1":"product","2":"type-product","3":"status-publish","4":"has-post-thumbnail","6":"product_cat-azeite-de-abacate","7":"product_cat-azeite-de-oliva","9":"first","10":"instock","11":"shipping-taxable","12":"product-type-simple"},"acf":[],"_links":{"self":[{"href":"https:\/\/fastindustria.com.br\/en\/wp-json\/wp\/v2\/product\/2546","targetHints":{"allow":["GET"]}}],"collection":[{"href":"https:\/\/fastindustria.com.br\/en\/wp-json\/wp\/v2\/product"}],"about":[{"href":"https:\/\/fastindustria.com.br\/en\/wp-json\/wp\/v2\/types\/product"}],"replies":[{"embeddable":true,"href":"https:\/\/fastindustria.com.br\/en\/wp-json\/wp\/v2\/comments?post=2546"}],"version-history":[{"count":5,"href":"https:\/\/fastindustria.com.br\/en\/wp-json\/wp\/v2\/product\/2546\/revisions"}],"predecessor-version":[{"id":4621,"href":"https:\/\/fastindustria.com.br\/en\/wp-json\/wp\/v2\/product\/2546\/revisions\/4621"}],"wp:featuredmedia":[{"embeddable":true,"href":"https:\/\/fastindustria.com.br\/en\/wp-json\/wp\/v2\/media\/2969"}],"wp:attachment":[{"href":"https:\/\/fastindustria.com.br\/en\/wp-json\/wp\/v2\/media?parent=2546"}],"wp:term":[{"taxonomy":"product_brand","embeddable":true,"href":"https:\/\/fastindustria.com.br\/en\/wp-json\/wp\/v2\/product_brand?post=2546"},{"taxonomy":"product_cat","embeddable":true,"href":"https:\/\/fastindustria.com.br\/en\/wp-json\/wp\/v2\/product_cat?post=2546"},{"taxonomy":"product_tag","embeddable":true,"href":"https:\/\/fastindustria.com.br\/en\/wp-json\/wp\/v2\/product_tag?post=2546"}],"curies":[{"name":"wp","href":"https:\/\/api.w.org\/{rel}","templated":true}]}}