{"id":2532,"date":"2023-07-04T09:24:12","date_gmt":"2023-07-04T12:24:12","guid":{"rendered":"https:\/\/fastindustria.com.br\/?post_type=product&#038;p=2532"},"modified":"2023-07-17T15:40:26","modified_gmt":"2023-07-17T18:40:26","slug":"flotador-2","status":"publish","type":"product","link":"https:\/\/fastindustria.com.br\/en\/product\/flotador-2\/","title":{"rendered":"Pressurized WTP"},"content":{"rendered":"<h2>Pressurized Water Treatment Plant<\/h2>\n<p>Fast offers compact solutions for water treatment. The pressurized WTP is an excellent alternative for small spaces. Prefabricated, it does not require civil works, just a base to be laid out.<\/p>\n<p>Another advantage this generates is the installation time, with shorter deadlines than those of a more robust Water Treatment Plant.<\/p>\n<p>Furthermore, due to its modular nature, it can be easily transported and\/or expanded.<\/p>\n<p>However, it is important to note that this installation model was designed to treat water under natural conditions without excess organic matter and high organic pollution (&gt;60 mg\/l dbo5). It is not capable of removing heavy metals, pesticides, oils or greases that may be present in raw water.<\/p>\n<h2 id=\"h-eta-compacta-pressurizada\" class=\"wp-block-heading\">Application<\/h2>\n<p>Pressurized WTPs are mainly indicated for industrial use of water without excess organic matter. They are efficient in treating water under more natural conditions.<\/p>\n<p>&nbsp;<\/p>","protected":false},"excerpt":{"rendered":"<p>Esta\u00e7\u00e3o de Tratamento de \u00c1gua Pressurizada A Fast oferece solu\u00e7\u00f5es compactas para tratamento de \u00e1gua. A ETA pressurizada se configura como uma excelente alternativa para espa\u00e7os reduzidos. Pr\u00e9-fabricada, n\u00e3o necessita de obras civis, apenas uma base para ser disposta. Outra vantagem que isso gera \u00e9 o tempo de instala\u00e7\u00e3o, com prazos inferiores aos convencionais de [&hellip;]<\/p>","protected":false},"featured_media":4083,"comment_status":"open","ping_status":"closed","template":"","meta":{"arquivo_cliente":"","_joinchat":[]},"product_brand":[],"product_cat":[44,34,30,43,47,33,29],"product_tag":[109],"class_list":{"0":"post-2532","1":"product","2":"type-product","3":"status-publish","4":"has-post-thumbnail","6":"product_cat-bebidas","7":"product_cat-fast-grain","8":"product_cat-frigorificos","9":"product_cat-laticinios","10":"product_cat-outras-aplicacoes","11":"product_cat-papel-celulose","12":"product_cat-saneamento","13":"product_tag-eta","15":"first","16":"instock","17":"shipping-taxable","18":"product-type-simple"},"acf":[],"_links":{"self":[{"href":"https:\/\/fastindustria.com.br\/en\/wp-json\/wp\/v2\/product\/2532","targetHints":{"allow":["GET"]}}],"collection":[{"href":"https:\/\/fastindustria.com.br\/en\/wp-json\/wp\/v2\/product"}],"about":[{"href":"https:\/\/fastindustria.com.br\/en\/wp-json\/wp\/v2\/types\/product"}],"replies":[{"embeddable":true,"href":"https:\/\/fastindustria.com.br\/en\/wp-json\/wp\/v2\/comments?post=2532"}],"version-history":[{"count":9,"href":"https:\/\/fastindustria.com.br\/en\/wp-json\/wp\/v2\/product\/2532\/revisions"}],"predecessor-version":[{"id":4548,"href":"https:\/\/fastindustria.com.br\/en\/wp-json\/wp\/v2\/product\/2532\/revisions\/4548"}],"wp:featuredmedia":[{"embeddable":true,"href":"https:\/\/fastindustria.com.br\/en\/wp-json\/wp\/v2\/media\/4083"}],"wp:attachment":[{"href":"https:\/\/fastindustria.com.br\/en\/wp-json\/wp\/v2\/media?parent=2532"}],"wp:term":[{"taxonomy":"product_brand","embeddable":true,"href":"https:\/\/fastindustria.com.br\/en\/wp-json\/wp\/v2\/product_brand?post=2532"},{"taxonomy":"product_cat","embeddable":true,"href":"https:\/\/fastindustria.com.br\/en\/wp-json\/wp\/v2\/product_cat?post=2532"},{"taxonomy":"product_tag","embeddable":true,"href":"https:\/\/fastindustria.com.br\/en\/wp-json\/wp\/v2\/product_tag?post=2532"}],"curies":[{"name":"wp","href":"https:\/\/api.w.org\/{rel}","templated":true}]}}