{"id":13524,"date":"2024-03-05T10:17:17","date_gmt":"2024-03-05T13:17:17","guid":{"rendered":"https:\/\/fastindustria.com.br\/?post_type=product&#038;p=13524"},"modified":"2024-03-05T17:58:23","modified_gmt":"2024-03-05T20:58:23","slug":"secador-de-discos-2","status":"publish","type":"product","link":"https:\/\/fastindustria.com.br\/en\/product\/secador-de-discos-2\/","title":{"rendered":"Disc Dryer"},"content":{"rendered":"<p>The Fast Disc Dryer continuously dries the material using an indirect drying system, where the product comes into contact with a shaft heated by the injection of steam, thus obtaining a large heat exchange area. It is equipped with a set of strategically positioned discs for greater heat transfer and process control. It is a highly efficient piece of equipment with great production potential.<\/p>","protected":false},"excerpt":{"rendered":"<p>O Secador de discos Fast efetua a secagem cont\u00ednua do material, por meio de um sistema de secagem indireta, onde o produto entra em contato com um eixo aquecido pela inje\u00e7\u00e3o de vapor, assim obt\u00e9m uma grande \u00e1rea de troca t\u00e9rmica. Ele \u00e9 equipado com um conjunto de discos estrategicamente posicionados para maior transfer\u00eancia t\u00e9rmica [&hellip;]<\/p>","protected":false},"featured_media":13552,"comment_status":"closed","ping_status":"closed","template":"","meta":{"arquivo_cliente":"","_joinchat":[]},"product_brand":[],"product_cat":[117,30],"product_tag":[],"class_list":{"0":"post-13524","1":"product","2":"type-product","3":"status-publish","4":"has-post-thumbnail","6":"product_cat-fast-rendering","7":"product_cat-frigorificos","9":"first","10":"instock","11":"shipping-taxable","12":"product-type-simple"},"acf":[],"_links":{"self":[{"href":"https:\/\/fastindustria.com.br\/en\/wp-json\/wp\/v2\/product\/13524","targetHints":{"allow":["GET"]}}],"collection":[{"href":"https:\/\/fastindustria.com.br\/en\/wp-json\/wp\/v2\/product"}],"about":[{"href":"https:\/\/fastindustria.com.br\/en\/wp-json\/wp\/v2\/types\/product"}],"replies":[{"embeddable":true,"href":"https:\/\/fastindustria.com.br\/en\/wp-json\/wp\/v2\/comments?post=13524"}],"version-history":[{"count":1,"href":"https:\/\/fastindustria.com.br\/en\/wp-json\/wp\/v2\/product\/13524\/revisions"}],"predecessor-version":[{"id":13557,"href":"https:\/\/fastindustria.com.br\/en\/wp-json\/wp\/v2\/product\/13524\/revisions\/13557"}],"wp:featuredmedia":[{"embeddable":true,"href":"https:\/\/fastindustria.com.br\/en\/wp-json\/wp\/v2\/media\/13552"}],"wp:attachment":[{"href":"https:\/\/fastindustria.com.br\/en\/wp-json\/wp\/v2\/media?parent=13524"}],"wp:term":[{"taxonomy":"product_brand","embeddable":true,"href":"https:\/\/fastindustria.com.br\/en\/wp-json\/wp\/v2\/product_brand?post=13524"},{"taxonomy":"product_cat","embeddable":true,"href":"https:\/\/fastindustria.com.br\/en\/wp-json\/wp\/v2\/product_cat?post=13524"},{"taxonomy":"product_tag","embeddable":true,"href":"https:\/\/fastindustria.com.br\/en\/wp-json\/wp\/v2\/product_tag?post=13524"}],"curies":[{"name":"wp","href":"https:\/\/api.w.org\/{rel}","templated":true}]}}