{"id":13520,"date":"2024-03-05T10:17:15","date_gmt":"2024-03-05T13:17:15","guid":{"rendered":"https:\/\/fastindustria.com.br\/?post_type=product&#038;p=13520"},"modified":"2024-07-11T09:33:15","modified_gmt":"2024-07-11T12:33:15","slug":"prensa-continua-fast-pcf","status":"publish","type":"product","link":"https:\/\/fastindustria.com.br\/en\/product\/prensa-continua-fast-pcf\/","title":{"rendered":"Fast Continuous Press | PCF"},"content":{"rendered":"<p>The Fast continuous press is an efficient solution for extracting fat from raw materials, providing effective separation between fat and solids. It was designed to have a long service life for its components subject to natural wear. It features a frequency inverter to reduce the shaft RPM when dealing with soft material (without bones) to maintain uniform pressing during the process. The RPM variation occurs manually or automatically. It also stands out for its technology that allows for a final product with maximum fat extraction.<\/p>","protected":false},"excerpt":{"rendered":"<p>A prensa cont\u00ednua Fast \u00e9 uma solu\u00e7\u00e3o eficiente para extrair a gordura da mat\u00e9ria-prima, proporcionando uma separa\u00e7\u00e3o eficaz entre gordura e s\u00f3lidos. Ela foi projetada para ter uma vida \u00fatil prolongada em seus componentes sujeitos a desgaste natural. Apresenta um inversor de frequ\u00eancia para redu\u00e7\u00e3o da RPM do eixo quando se tem material mole (sem [&hellip;]<\/p>","protected":false},"featured_media":0,"comment_status":"closed","ping_status":"closed","template":"","meta":{"arquivo_cliente":"","_joinchat":[]},"product_brand":[],"product_cat":[117,30],"product_tag":[],"class_list":{"0":"post-13520","1":"product","2":"type-product","3":"status-publish","5":"product_cat-fast-rendering","6":"product_cat-frigorificos","8":"first","9":"instock","10":"shipping-taxable","11":"product-type-simple"},"acf":[],"_links":{"self":[{"href":"https:\/\/fastindustria.com.br\/en\/wp-json\/wp\/v2\/product\/13520","targetHints":{"allow":["GET"]}}],"collection":[{"href":"https:\/\/fastindustria.com.br\/en\/wp-json\/wp\/v2\/product"}],"about":[{"href":"https:\/\/fastindustria.com.br\/en\/wp-json\/wp\/v2\/types\/product"}],"replies":[{"embeddable":true,"href":"https:\/\/fastindustria.com.br\/en\/wp-json\/wp\/v2\/comments?post=13520"}],"version-history":[{"count":1,"href":"https:\/\/fastindustria.com.br\/en\/wp-json\/wp\/v2\/product\/13520\/revisions"}],"predecessor-version":[{"id":13547,"href":"https:\/\/fastindustria.com.br\/en\/wp-json\/wp\/v2\/product\/13520\/revisions\/13547"}],"wp:attachment":[{"href":"https:\/\/fastindustria.com.br\/en\/wp-json\/wp\/v2\/media?parent=13520"}],"wp:term":[{"taxonomy":"product_brand","embeddable":true,"href":"https:\/\/fastindustria.com.br\/en\/wp-json\/wp\/v2\/product_brand?post=13520"},{"taxonomy":"product_cat","embeddable":true,"href":"https:\/\/fastindustria.com.br\/en\/wp-json\/wp\/v2\/product_cat?post=13520"},{"taxonomy":"product_tag","embeddable":true,"href":"https:\/\/fastindustria.com.br\/en\/wp-json\/wp\/v2\/product_tag?post=13520"}],"curies":[{"name":"wp","href":"https:\/\/api.w.org\/{rel}","templated":true}]}}