{"id":13397,"date":"2024-03-06T06:43:02","date_gmt":"2024-03-06T09:43:02","guid":{"rendered":"https:\/\/fastindustria.com.br\/?post_type=product&#038;p=13397"},"modified":"2024-03-05T18:32:54","modified_gmt":"2024-03-05T21:32:54","slug":"condensaror-de-gases","status":"publish","type":"product","link":"https:\/\/fastindustria.com.br\/en\/product\/condensaror-de-gases\/","title":{"rendered":"Gas Condenser"},"content":{"rendered":"<p>The gas condenser developed by Fast aims to optimize the operating costs of the Rendering plant. Its configuration is structured to adapt to the needs of each project.<\/p>\n<p>Its function is to cool the processed raw material when there is no water available, i.e., eliminating the waste of this resource. The equipment generates dry cooling by circulating pulsed steam from the turbines.<\/p>","protected":false},"excerpt":{"rendered":"<p>O condensador de gases desenvolvido pela Fast visam otimizar os custos de opera\u00e7\u00e3o da planta Rendering. Sua configura\u00e7\u00e3o \u00e9 estruturada para adequar-se \u00e1s necessidades de cada projeto. Sua fun\u00e7\u00e3o \u00e9 provocar o resfriamento da mat\u00e9ria-prima processada quando n\u00e3o h\u00e1 \u00e1gua dispon\u00edvel, ou seja, eliminando o desperd\u00edcio deste recurso. O equipamento gera um resfriamento a seco [&hellip;]<\/p>","protected":false},"featured_media":13401,"comment_status":"closed","ping_status":"closed","template":"","meta":{"arquivo_cliente":"","_joinchat":[]},"product_brand":[],"product_cat":[117,30],"product_tag":[],"class_list":{"0":"post-13397","1":"product","2":"type-product","3":"status-publish","4":"has-post-thumbnail","6":"product_cat-fast-rendering","7":"product_cat-frigorificos","9":"first","10":"instock","11":"shipping-taxable","12":"product-type-simple"},"acf":[],"_links":{"self":[{"href":"https:\/\/fastindustria.com.br\/en\/wp-json\/wp\/v2\/product\/13397","targetHints":{"allow":["GET"]}}],"collection":[{"href":"https:\/\/fastindustria.com.br\/en\/wp-json\/wp\/v2\/product"}],"about":[{"href":"https:\/\/fastindustria.com.br\/en\/wp-json\/wp\/v2\/types\/product"}],"replies":[{"embeddable":true,"href":"https:\/\/fastindustria.com.br\/en\/wp-json\/wp\/v2\/comments?post=13397"}],"version-history":[{"count":3,"href":"https:\/\/fastindustria.com.br\/en\/wp-json\/wp\/v2\/product\/13397\/revisions"}],"predecessor-version":[{"id":13574,"href":"https:\/\/fastindustria.com.br\/en\/wp-json\/wp\/v2\/product\/13397\/revisions\/13574"}],"wp:featuredmedia":[{"embeddable":true,"href":"https:\/\/fastindustria.com.br\/en\/wp-json\/wp\/v2\/media\/13401"}],"wp:attachment":[{"href":"https:\/\/fastindustria.com.br\/en\/wp-json\/wp\/v2\/media?parent=13397"}],"wp:term":[{"taxonomy":"product_brand","embeddable":true,"href":"https:\/\/fastindustria.com.br\/en\/wp-json\/wp\/v2\/product_brand?post=13397"},{"taxonomy":"product_cat","embeddable":true,"href":"https:\/\/fastindustria.com.br\/en\/wp-json\/wp\/v2\/product_cat?post=13397"},{"taxonomy":"product_tag","embeddable":true,"href":"https:\/\/fastindustria.com.br\/en\/wp-json\/wp\/v2\/product_tag?post=13397"}],"curies":[{"name":"wp","href":"https:\/\/api.w.org\/{rel}","templated":true}]}}