{"id":13248,"date":"2023-11-09T16:47:40","date_gmt":"2023-11-09T19:47:40","guid":{"rendered":"https:\/\/fastindustria.com.br\/?post_type=product&#038;p=13248"},"modified":"2023-11-09T16:47:41","modified_gmt":"2023-11-09T19:47:41","slug":"agitador-hiperbolico","status":"publish","type":"product","link":"https:\/\/fastindustria.com.br\/en\/product\/agitador-hiperbolico\/","title":{"rendered":"Hyperbolic Agitator"},"content":{"rendered":"<p>Fast Hyperbolic Agitators are equipment developed to guarantee better results in mixing and homogenization processes of effluents in tanks, ensuring complete mixing.<\/p>\n<p>Mixing occurs gradually and constantly, without turbulent movements inside the tank, following a vortex-shaped flow that begins at the agitator axis and continues towards the bottom. Parallel to the walls of the tank, the flow continues up to the surface, returning to the bottom parallel to the axis.<\/p>\n<p>The equipment consists of an installation structure that can be placed on top of the tank or in the form of a support tower that can be located anywhere in the tank. It has a self-aligning bearing and a vertical shaft that connects the gear motor located on the walkway or support beam and the hyperbolic shaft installed near the bottom of the tank with the shaft guide.<\/p>","protected":false},"excerpt":{"rendered":"<p>Os Agitadores Hiperb\u00f3licos Fast s\u00e3o equipamentos desenvolvidos para garantir melhores resultados em processos de mistura e homogeneiza\u00e7\u00e3o de efluentes em tanques, garantindo uma mistura completa. A mistura acontece de forma gradativa e constante, sem movimentos turbulentos no interior do tanque, seguindo um fluxo em forma de v\u00f3rtice que come\u00e7a no eixo do agitador e segue [&hellip;]<\/p>","protected":false},"featured_media":2902,"comment_status":"closed","ping_status":"closed","template":"","meta":{"arquivo_cliente":"","_joinchat":[]},"product_brand":[],"product_cat":[44,30,43,47,33,29],"product_tag":[],"class_list":{"0":"post-13248","1":"product","2":"type-product","3":"status-publish","4":"has-post-thumbnail","6":"product_cat-bebidas","7":"product_cat-frigorificos","8":"product_cat-laticinios","9":"product_cat-outras-aplicacoes","10":"product_cat-papel-celulose","11":"product_cat-saneamento","13":"first","14":"instock","15":"shipping-taxable","16":"product-type-simple"},"acf":[],"_links":{"self":[{"href":"https:\/\/fastindustria.com.br\/en\/wp-json\/wp\/v2\/product\/13248","targetHints":{"allow":["GET"]}}],"collection":[{"href":"https:\/\/fastindustria.com.br\/en\/wp-json\/wp\/v2\/product"}],"about":[{"href":"https:\/\/fastindustria.com.br\/en\/wp-json\/wp\/v2\/types\/product"}],"replies":[{"embeddable":true,"href":"https:\/\/fastindustria.com.br\/en\/wp-json\/wp\/v2\/comments?post=13248"}],"version-history":[{"count":1,"href":"https:\/\/fastindustria.com.br\/en\/wp-json\/wp\/v2\/product\/13248\/revisions"}],"predecessor-version":[{"id":13249,"href":"https:\/\/fastindustria.com.br\/en\/wp-json\/wp\/v2\/product\/13248\/revisions\/13249"}],"wp:featuredmedia":[{"embeddable":true,"href":"https:\/\/fastindustria.com.br\/en\/wp-json\/wp\/v2\/media\/2902"}],"wp:attachment":[{"href":"https:\/\/fastindustria.com.br\/en\/wp-json\/wp\/v2\/media?parent=13248"}],"wp:term":[{"taxonomy":"product_brand","embeddable":true,"href":"https:\/\/fastindustria.com.br\/en\/wp-json\/wp\/v2\/product_brand?post=13248"},{"taxonomy":"product_cat","embeddable":true,"href":"https:\/\/fastindustria.com.br\/en\/wp-json\/wp\/v2\/product_cat?post=13248"},{"taxonomy":"product_tag","embeddable":true,"href":"https:\/\/fastindustria.com.br\/en\/wp-json\/wp\/v2\/product_tag?post=13248"}],"curies":[{"name":"wp","href":"https:\/\/api.w.org\/{rel}","templated":true}]}}