{"id":11768,"date":"2023-08-04T17:56:04","date_gmt":"2023-08-04T20:56:04","guid":{"rendered":"https:\/\/fastindustria.com.br\/?post_type=product&#038;p=11768"},"modified":"2023-08-08T08:39:42","modified_gmt":"2023-08-08T11:39:42","slug":"estacao-de-tratamento-de-agua","status":"publish","type":"product","link":"https:\/\/fastindustria.com.br\/en\/product\/estacao-de-tratamento-de-agua\/","title":{"rendered":"Water Treatment Plant \u2013 ETA"},"content":{"rendered":"<p>To make water from rivers or underground wells drinkable, that is, available for consumption or use in industrial processes in accordance with current regulations, it is necessary to install a water treatment plant, popularly known as a WTP.<\/p>\n<p>ETAs \u2013 Fast Water Treatment Plants are characterized by being compact, easy to operate and having low chemical consumption.<\/p>\n<p>The treatment of raw water, whether surface or underground, occurs through the following processes: <strong>coagulation, flocculation, clarification, filtration and disinfection.<\/strong><\/p>\n<p>Coagulation and flocculation occur through the addition of specific chemical products, which may be inorganic salts (such as aluminum sulfate) or organic salts (polyamines, etc.).<\/p>\n<p>Clarification, the process in which most contaminants are separated from clean water, can be carried out using two separation methods: flotation and decantation.<\/p>\n<p>Both processes, decantation or flotation, are quite compact and highly efficient in removing suspended solids and precipitates (colloids\/particles) and present a high reduction in other parameters (color, odor, flavor, among others).<\/p>\n<p>After clarification, the treated water is sent to the filtration process for polishing and disinfection, which will guarantee the water&#039;s potability standards.<\/p>\n<p>&nbsp;<\/p>\n<p><em><strong>Advantages<\/strong><\/em><br \/>\nPrefabricated stations that have shorter installation times and quick start-up, not depending on weather conditions for construction;<br \/>\nCompact stations, using a reduced area;<br \/>\nBetter cost-benefit by using reduced dosage of chemicals;<br \/>\nNational 100% equipment.<\/p>","protected":false},"excerpt":{"rendered":"<p>Para tornar \u00e1guas de rios ou de po\u00e7os subterr\u00e2neos pot\u00e1veis, ou seja, dispon\u00edveis para serem consumidas\u00a0 ou utilizadas em processos industriais de acordo com as normas vigentes, faz-se necess\u00e1rio a instala\u00e7\u00e3o de uma esta\u00e7\u00e3o de tratamento de \u00e1gua, ou popularmente conhecidas como ETA. As ETAs &#8211; Esta\u00e7\u00f5es de Tratamento de \u00c1gua Fast t\u00eam por caracter\u00edstica [&hellip;]<\/p>","protected":false},"featured_media":11769,"comment_status":"open","ping_status":"closed","template":"","meta":{"arquivo_cliente":"","_joinchat":[]},"product_brand":[],"product_cat":[45,44,34,30,43,32,35,47,33,29],"product_tag":[],"class_list":{"0":"post-11768","1":"product","2":"type-product","3":"status-publish","4":"has-post-thumbnail","6":"product_cat-acai","7":"product_cat-bebidas","8":"product_cat-fast-grain","9":"product_cat-frigorificos","10":"product_cat-laticinios","11":"product_cat-mineracao","12":"product_cat-oleo-de-palma","13":"product_cat-outras-aplicacoes","14":"product_cat-papel-celulose","15":"product_cat-saneamento","17":"first","18":"instock","19":"shipping-taxable","20":"product-type-simple"},"acf":[],"_links":{"self":[{"href":"https:\/\/fastindustria.com.br\/en\/wp-json\/wp\/v2\/product\/11768","targetHints":{"allow":["GET"]}}],"collection":[{"href":"https:\/\/fastindustria.com.br\/en\/wp-json\/wp\/v2\/product"}],"about":[{"href":"https:\/\/fastindustria.com.br\/en\/wp-json\/wp\/v2\/types\/product"}],"replies":[{"embeddable":true,"href":"https:\/\/fastindustria.com.br\/en\/wp-json\/wp\/v2\/comments?post=11768"}],"version-history":[{"count":2,"href":"https:\/\/fastindustria.com.br\/en\/wp-json\/wp\/v2\/product\/11768\/revisions"}],"predecessor-version":[{"id":11988,"href":"https:\/\/fastindustria.com.br\/en\/wp-json\/wp\/v2\/product\/11768\/revisions\/11988"}],"wp:featuredmedia":[{"embeddable":true,"href":"https:\/\/fastindustria.com.br\/en\/wp-json\/wp\/v2\/media\/11769"}],"wp:attachment":[{"href":"https:\/\/fastindustria.com.br\/en\/wp-json\/wp\/v2\/media?parent=11768"}],"wp:term":[{"taxonomy":"product_brand","embeddable":true,"href":"https:\/\/fastindustria.com.br\/en\/wp-json\/wp\/v2\/product_brand?post=11768"},{"taxonomy":"product_cat","embeddable":true,"href":"https:\/\/fastindustria.com.br\/en\/wp-json\/wp\/v2\/product_cat?post=11768"},{"taxonomy":"product_tag","embeddable":true,"href":"https:\/\/fastindustria.com.br\/en\/wp-json\/wp\/v2\/product_tag?post=11768"}],"curies":[{"name":"wp","href":"https:\/\/api.w.org\/{rel}","templated":true}]}}