{"id":3644,"date":"2023-07-11T10:56:31","date_gmt":"2023-07-11T13:56:31","guid":{"rendered":"https:\/\/fastindustria.com.br\/?page_id=3644"},"modified":"2023-07-18T14:01:57","modified_gmt":"2023-07-18T17:01:57","slug":"gente-gestao","status":"publish","type":"page","link":"https:\/\/fastindustria.com.br\/en\/gente-gestao\/","title":{"rendered":"People and Management"},"content":{"rendered":"<div data-elementor-type=\"wp-page\" data-elementor-id=\"3644\" class=\"elementor elementor-3644\" data-elementor-settings=\"{&quot;ha_cmc_init_switcher&quot;:&quot;no&quot;}\" data-elementor-post-type=\"page\">\n\t\t\t\t<div class=\"elementor-element elementor-element-49676a3 e-flex e-con-boxed e-con e-parent\" data-id=\"49676a3\" data-element_type=\"container\" data-e-type=\"container\" data-settings=\"{&quot;_ha_eqh_enable&quot;:false}\">\n\t\t\t\t\t<div class=\"e-con-inner\">\n\t\t\t\t<div class=\"elementor-element elementor-element-4f02f22 elementor-widget elementor-widget-heading\" data-id=\"4f02f22\" data-element_type=\"widget\" data-e-type=\"widget\" data-widget_type=\"heading.default\">\n\t\t\t\t<div class=\"elementor-widget-container\">\n\t\t\t\t\t<h2 class=\"elementor-heading-title elementor-size-default\">Human Resources<\/h2>\t\t\t\t<\/div>\n\t\t\t\t<\/div>\n\t\t\t\t<div class=\"elementor-element elementor-element-4d94533 elementor-widget elementor-widget-heading\" data-id=\"4d94533\" data-element_type=\"widget\" data-e-type=\"widget\" data-widget_type=\"heading.default\">\n\t\t\t\t<div class=\"elementor-widget-container\">\n\t\t\t\t\t<h2 class=\"elementor-heading-title elementor-size-default\">People and Management<\/h2>\t\t\t\t<\/div>\n\t\t\t\t<\/div>\n\t\t\t\t<div class=\"elementor-element elementor-element-3c471c6 elementor-widget__width-initial elementor-widget elementor-widget-text-editor\" data-id=\"3c471c6\" data-element_type=\"widget\" data-e-type=\"widget\" data-widget_type=\"text-editor.default\">\n\t\t\t\t<div class=\"elementor-widget-container\">\n\t\t\t\t\t\t\t\t\t<div data-draftjs-conductor-fragment=\"{&quot;blocks&quot;:[{&quot;key&quot;:&quot;akn72&quot;,&quot;text&quot;:&quot;Nesta se\u00e7\u00e3o, voc\u00ea encontrar\u00e1 informa\u00e7\u00f5es sobre nosso Programa de Integridade, C\u00f3digo de \u00c9tica e oportunidades. Convidamos voc\u00ea para conhecer mais sobre nossas pr\u00e1ticas e valores e para se juntar a n\u00f3s nessa jornada de crescimento humano e organizacional.&quot;,&quot;type&quot;:&quot;unstyled&quot;,&quot;depth&quot;:0,&quot;inlineStyleRanges&quot;:[],&quot;entityRanges&quot;:[],&quot;data&quot;:{}}],&quot;entityMap&quot;:{}}\">In this section, you will find information about our Integrity Program, Code of Ethics and opportunities. We invite you to learn more about our practices and values and to join us on this journey of human and organizational growth.<\/div><p><br \/><br \/><\/p>\t\t\t\t\t\t\t\t<\/div>\n\t\t\t\t<\/div>\n\t\t\t\t\t<\/div>\n\t\t\t\t<\/div>\n\t\t<div class=\"elementor-element elementor-element-7637548 e-flex e-con-boxed e-con e-parent\" data-id=\"7637548\" data-element_type=\"container\" data-e-type=\"container\" data-settings=\"{&quot;_ha_eqh_enable&quot;:false}\">\n\t\t\t\t\t<div class=\"e-con-inner\">\n\t\t<div class=\"elementor-element elementor-element-2b742a5 e-con-full e-flex e-con e-parent\" data-id=\"2b742a5\" data-element_type=\"container\" data-e-type=\"container\" data-settings=\"{&quot;_ha_eqh_enable&quot;:false}\">\n\t\t\t\t<div class=\"elementor-element elementor-element-263ba87 elementor-widget elementor-widget-image\" data-id=\"263ba87\" data-element_type=\"widget\" data-e-type=\"widget\" data-widget_type=\"image.default\">\n\t\t\t\t<div class=\"elementor-widget-container\">\n\t\t\t\t\t\t\t\t\t\t\t\t\t\t\t<img decoding=\"async\" width=\"54\" height=\"54\" src=\"https:\/\/fastindustria.com.br\/wp-content\/uploads\/2023\/07\/programa-de-integridade.png\" class=\"attachment-large size-large wp-image-3768\" alt=\"\" \/>\t\t\t\t\t\t\t\t\t\t\t\t\t\t\t<\/div>\n\t\t\t\t<\/div>\n\t\t\t\t<div class=\"elementor-element elementor-element-d03a662 elementor-widget elementor-widget-heading\" data-id=\"d03a662\" data-element_type=\"widget\" data-e-type=\"widget\" data-widget_type=\"heading.default\">\n\t\t\t\t<div class=\"elementor-widget-container\">\n\t\t\t\t\t<h2 class=\"elementor-heading-title elementor-size-default\">Integrity Program<\/h2>\t\t\t\t<\/div>\n\t\t\t\t<\/div>\n\t\t\t\t<div class=\"elementor-element elementor-element-2732de0 elementor-widget__width-initial elementor-widget elementor-widget-text-editor\" data-id=\"2732de0\" data-element_type=\"widget\" data-e-type=\"widget\" data-widget_type=\"text-editor.default\">\n\t\t\t\t<div class=\"elementor-widget-container\">\n\t\t\t\t\t\t\t\t\t<div data-draftjs-conductor-fragment=\"{&quot;blocks&quot;:[{&quot;key&quot;:&quot;1lt8v&quot;,&quot;text&quot;:&quot;O programa busca refor\u00e7ar a import\u00e2ncia do cumprimento das normas, demonstrando nossos valores e nosso compromisso com relacionamentos \u00e9ticos e transparentes. Isso inclui orientar as atividades dos colaboradores, fornecedores e outras institui\u00e7\u00f5es ligadas \u00e0 Fast.&quot;,&quot;type&quot;:&quot;unstyled&quot;,&quot;depth&quot;:0,&quot;inlineStyleRanges&quot;:[],&quot;entityRanges&quot;:[],&quot;data&quot;:{}}],&quot;entityMap&quot;:{}}\">The program seeks to reinforce the importance of compliance with standards, demonstrating our values and our commitment to ethical and transparent relationships. This includes guiding the activities of employees, suppliers and other institutions linked to Fast.<\/div>\t\t\t\t\t\t\t\t<\/div>\n\t\t\t\t<\/div>\n\t\t\t\t<div class=\"elementor-element elementor-element-d11b3c2 elementor-align-center elementor-widget__width-initial elementor-widget elementor-widget-button\" data-id=\"d11b3c2\" data-element_type=\"widget\" data-e-type=\"widget\" data-widget_type=\"button.default\">\n\t\t\t\t<div class=\"elementor-widget-container\">\n\t\t\t\t\t\t\t\t\t<div class=\"elementor-button-wrapper\">\n\t\t\t\t\t<a class=\"elementor-button elementor-button-link elementor-size-sm\" href=\"https:\/\/fastindustria.com.br\/en\/programa-de-integridade\/\">\n\t\t\t\t\t\t<span class=\"elementor-button-content-wrapper\">\n\t\t\t\t\t\t\t\t\t<span class=\"elementor-button-text\">Learn more<\/span>\n\t\t\t\t\t<\/span>\n\t\t\t\t\t<\/a>\n\t\t\t\t<\/div>\n\t\t\t\t\t\t\t\t<\/div>\n\t\t\t\t<\/div>\n\t\t\t\t<\/div>\n\t\t<div class=\"elementor-element elementor-element-4a19bce e-con-full e-flex e-con e-parent\" data-id=\"4a19bce\" data-element_type=\"container\" data-e-type=\"container\" data-settings=\"{&quot;_ha_eqh_enable&quot;:false}\">\n\t\t\t\t<div class=\"elementor-element elementor-element-1c10825 elementor-widget elementor-widget-image\" data-id=\"1c10825\" data-element_type=\"widget\" data-e-type=\"widget\" data-widget_type=\"image.default\">\n\t\t\t\t<div class=\"elementor-widget-container\">\n\t\t\t\t\t\t\t\t\t\t\t\t\t\t\t<img decoding=\"async\" width=\"54\" height=\"54\" src=\"https:\/\/fastindustria.com.br\/wp-content\/uploads\/2023\/07\/codigo-de-etica.png\" class=\"attachment-large size-large wp-image-3766\" alt=\"\" \/>\t\t\t\t\t\t\t\t\t\t\t\t\t\t\t<\/div>\n\t\t\t\t<\/div>\n\t\t\t\t<div class=\"elementor-element elementor-element-008e4d7 elementor-widget elementor-widget-heading\" data-id=\"008e4d7\" data-element_type=\"widget\" data-e-type=\"widget\" data-widget_type=\"heading.default\">\n\t\t\t\t<div class=\"elementor-widget-container\">\n\t\t\t\t\t<h2 class=\"elementor-heading-title elementor-size-default\">Code of Ethics<\/h2>\t\t\t\t<\/div>\n\t\t\t\t<\/div>\n\t\t\t\t<div class=\"elementor-element elementor-element-e084f68 elementor-widget__width-initial elementor-widget elementor-widget-text-editor\" data-id=\"e084f68\" data-element_type=\"widget\" data-e-type=\"widget\" data-widget_type=\"text-editor.default\">\n\t\t\t\t<div class=\"elementor-widget-container\">\n\t\t\t\t\t\t\t\t\t<div data-draftjs-conductor-fragment=\"{&quot;blocks&quot;:[{&quot;key&quot;:&quot;buv3&quot;,&quot;text&quot;:&quot;A \u00e9tica \u00e9 um dos valores da Fast e o C\u00f3digo re\u00fane as principais orienta\u00e7\u00f5es em rela\u00e7\u00e3o\u00a0\u00e0 conduta esperada e aplic\u00e1vel a todos que atuam em nome ou em parceria com a\u00a0nossa empresa, sendo essencial para a constru\u00e7\u00e3o de rela\u00e7\u00f5es de qualidade.&quot;,&quot;type&quot;:&quot;unstyled&quot;,&quot;depth&quot;:0,&quot;inlineStyleRanges&quot;:[],&quot;entityRanges&quot;:[],&quot;data&quot;:{}}],&quot;entityMap&quot;:{}}\">Ethics is one of Fast&#039;s values and the Code brings together the main guidelines regarding expected conduct applicable to all those who act on behalf of or in partnership with our company, being essential for building quality relationships.<\/div>\t\t\t\t\t\t\t\t<\/div>\n\t\t\t\t<\/div>\n\t\t\t\t<div class=\"elementor-element elementor-element-2708ab7 elementor-align-center elementor-widget__width-initial elementor-widget elementor-widget-button\" data-id=\"2708ab7\" data-element_type=\"widget\" data-e-type=\"widget\" data-widget_type=\"button.default\">\n\t\t\t\t<div class=\"elementor-widget-container\">\n\t\t\t\t\t\t\t\t\t<div class=\"elementor-button-wrapper\">\n\t\t\t\t\t<a class=\"elementor-button elementor-button-link elementor-size-sm\" href=\"https:\/\/fastindustria.com.br\/en\/codigo-de-etica\/\">\n\t\t\t\t\t\t<span class=\"elementor-button-content-wrapper\">\n\t\t\t\t\t\t\t\t\t<span class=\"elementor-button-text\">Learn more<\/span>\n\t\t\t\t\t<\/span>\n\t\t\t\t\t<\/a>\n\t\t\t\t<\/div>\n\t\t\t\t\t\t\t\t<\/div>\n\t\t\t\t<\/div>\n\t\t\t\t<\/div>\n\t\t<div class=\"elementor-element elementor-element-ccda2f6 e-con-full e-flex e-con e-parent\" data-id=\"ccda2f6\" data-element_type=\"container\" data-e-type=\"container\" data-settings=\"{&quot;_ha_eqh_enable&quot;:false}\">\n\t\t\t\t<div class=\"elementor-element elementor-element-1ed3a43 elementor-widget elementor-widget-image\" data-id=\"1ed3a43\" data-element_type=\"widget\" data-e-type=\"widget\" data-widget_type=\"image.default\">\n\t\t\t\t<div class=\"elementor-widget-container\">\n\t\t\t\t\t\t\t\t\t\t\t\t\t\t\t<img decoding=\"async\" width=\"54\" height=\"54\" src=\"https:\/\/fastindustria.com.br\/wp-content\/uploads\/2023\/07\/oportunidades.png\" class=\"attachment-large size-large wp-image-3767\" alt=\"\" \/>\t\t\t\t\t\t\t\t\t\t\t\t\t\t\t<\/div>\n\t\t\t\t<\/div>\n\t\t\t\t<div class=\"elementor-element elementor-element-252e96c elementor-widget elementor-widget-heading\" data-id=\"252e96c\" data-element_type=\"widget\" data-e-type=\"widget\" data-widget_type=\"heading.default\">\n\t\t\t\t<div class=\"elementor-widget-container\">\n\t\t\t\t\t<h2 class=\"elementor-heading-title elementor-size-default\">Opportunities<\/h2>\t\t\t\t<\/div>\n\t\t\t\t<\/div>\n\t\t\t\t<div class=\"elementor-element elementor-element-412689c elementor-widget__width-initial elementor-widget elementor-widget-text-editor\" data-id=\"412689c\" data-element_type=\"widget\" data-e-type=\"widget\" data-widget_type=\"text-editor.default\">\n\t\t\t\t<div class=\"elementor-widget-container\">\n\t\t\t\t\t\t\t\t\t<div style=\"white-space: pre-wrap;\" data-draftjs-conductor-fragment=\"{&quot;blocks&quot;:[{&quot;key&quot;:&quot;2e6qi&quot;,&quot;text&quot;:&quot;Valorizamos o potencial de cada candidato e estamos empenhados em criar um\u00a0ambiente inclusivo e estimulante, buscando cada vez mais a tecnologia e a\u00a0sustentabilidade ambiental. Deseja fazer parte de nosso time? Cadastre-se!&quot;,&quot;type&quot;:&quot;unstyled&quot;,&quot;depth&quot;:0,&quot;inlineStyleRanges&quot;:[],&quot;entityRanges&quot;:[{&quot;offset&quot;:118,&quot;length&quot;:13,&quot;key&quot;:0}],&quot;data&quot;:{}}],&quot;entityMap&quot;:{&quot;0&quot;:{&quot;type&quot;:&quot;CORRECTION&quot;,&quot;mutability&quot;:&quot;MUTABLE&quot;,&quot;data&quot;:{&quot;id&quot;:&quot;USO_CADA_VEZ_MAIS&quot;,&quot;score&quot;:{&quot;clareza&quot;:2},&quot;replacement&quot;:[&quot;&quot;],&quot;replace&quot;:true,&quot;spans&quot;:[{&quot;offset&quot;:118,&quot;length&quot;:13,&quot;content&quot;:&quot;cada vez mais&quot;}],&quot;_id&quot;:&quot;64b1538cbe6b03ecbe94f6cb&quot;,&quot;custom&quot;:{&quot;title&quot;:&quot;Evite usar &lt;i&gt;cada vez mais&lt;\/i&gt;&quot;,&quot;feedback&quot;:&quot;A locu\u00e7\u00e3o &lt;i&gt;cada vez mais&lt;\/i&gt; se tornou um v\u00edcio de linguagem que atrapalha a clareza do texto. Procure utilizar termos precisos.&quot;,&quot;more&quot;:&quot;&lt;ul&gt; &lt;li&gt; &lt;p&gt; Na maioria dos casos, a locu\u00e7\u00e3o &lt;i&gt;cada vez mais&lt;\/i&gt; pode ser eliminada. &lt;\/p&gt; &lt;p&gt; Angariar resultados &lt;span style='color: red; font-weight: bold; text-decoration-Line: line-through'&gt;cada vez mais &lt;\/span&gt; significativos. &lt;br \/&gt; &lt;\/p&gt; &lt;\/li&gt; &lt;li&gt; &lt;p&gt;Se precisar manter, tente usar uma estrutura menos gasta.&lt;\/p&gt; &lt;p&gt; &lt;span style='color: red;'&gt; Um mercado &lt;span style='text-decoration-Line: underline'&gt;cada vez mais&lt;\/span&gt; competitivo. &lt;\/span&gt; &lt;br \/&gt; &lt;span style='color: green;'&gt; Um mercado &lt;span style='text-decoration-Line: underline'&gt;cada dia mais&lt;\/span&gt; competitivo. &lt;\/span&gt; &lt;\/p&gt; &lt;\/li&gt; &lt;\/ul&gt;&quot;},&quot;hide&quot;:false,&quot;itemId&quot;:&quot;DEVIATION_USO_CADA_VEZ_MAIS_64b1538cbe6b03ecbe94f6cb&quot;}}}}\"><span data-offset-key=\"3s9lj-0-0\">We value the potential of each candidate and are committed to creating an inclusive and stimulating environment, seeking <\/span><span class=\"jss61137 TEXT_64b1538cbe6b03ecbe94f6cb\"><span data-offset-key=\"3s9lj-1-0\">more and more<\/span><\/span><span data-offset-key=\"3s9lj-2-0\"> technology and environmental sustainability. Do you want to be part of our team? Sign up!<\/span><\/div>\t\t\t\t\t\t\t\t<\/div>\n\t\t\t\t<\/div>\n\t\t\t\t<div class=\"elementor-element elementor-element-017a3ad elementor-align-center elementor-widget__width-initial elementor-widget elementor-widget-button\" data-id=\"017a3ad\" data-element_type=\"widget\" data-e-type=\"widget\" data-widget_type=\"button.default\">\n\t\t\t\t<div class=\"elementor-widget-container\">\n\t\t\t\t\t\t\t\t\t<div class=\"elementor-button-wrapper\">\n\t\t\t\t\t<a class=\"elementor-button elementor-button-link elementor-size-sm\" href=\"https:\/\/fastindustria.com.br\/en\/trabalhe-conosco\/\">\n\t\t\t\t\t\t<span class=\"elementor-button-content-wrapper\">\n\t\t\t\t\t\t\t\t\t<span class=\"elementor-button-text\">Learn more<\/span>\n\t\t\t\t\t<\/span>\n\t\t\t\t\t<\/a>\n\t\t\t\t<\/div>\n\t\t\t\t\t\t\t\t<\/div>\n\t\t\t\t<\/div>\n\t\t\t\t<\/div>\n\t\t\t\t\t<\/div>\n\t\t\t\t<\/div>\n\t\t\t\t<\/div>","protected":false},"excerpt":{"rendered":"<p>Recursos Humanos Gente e Gest\u00e3o Nesta se\u00e7\u00e3o, voc\u00ea encontrar\u00e1 informa\u00e7\u00f5es sobre nosso Programa de Integridade, C\u00f3digo de \u00c9tica e oportunidades. Convidamos voc\u00ea para conhecer mais sobre nossas pr\u00e1ticas e valores e para se juntar a n\u00f3s nessa jornada de crescimento humano e organizacional. Programa de Integridade O programa busca refor\u00e7ar a import\u00e2ncia do cumprimento das [&hellip;]<\/p>","protected":false},"author":1,"featured_media":0,"parent":0,"menu_order":9,"comment_status":"closed","ping_status":"closed","template":"","meta":{"arquivo_cliente":"","_joinchat":[],"footnotes":""},"class_list":["post-3644","page","type-page","status-publish","hentry"],"acf":[],"_hostinger_reach_plugin_has_subscription_block":false,"_hostinger_reach_plugin_is_elementor":false,"_links":{"self":[{"href":"https:\/\/fastindustria.com.br\/en\/wp-json\/wp\/v2\/pages\/3644","targetHints":{"allow":["GET"]}}],"collection":[{"href":"https:\/\/fastindustria.com.br\/en\/wp-json\/wp\/v2\/pages"}],"about":[{"href":"https:\/\/fastindustria.com.br\/en\/wp-json\/wp\/v2\/types\/page"}],"author":[{"embeddable":true,"href":"https:\/\/fastindustria.com.br\/en\/wp-json\/wp\/v2\/users\/1"}],"replies":[{"embeddable":true,"href":"https:\/\/fastindustria.com.br\/en\/wp-json\/wp\/v2\/comments?post=3644"}],"version-history":[{"count":50,"href":"https:\/\/fastindustria.com.br\/en\/wp-json\/wp\/v2\/pages\/3644\/revisions"}],"predecessor-version":[{"id":4713,"href":"https:\/\/fastindustria.com.br\/en\/wp-json\/wp\/v2\/pages\/3644\/revisions\/4713"}],"wp:attachment":[{"href":"https:\/\/fastindustria.com.br\/en\/wp-json\/wp\/v2\/media?parent=3644"}],"curies":[{"name":"wp","href":"https:\/\/api.w.org\/{rel}","templated":true}]}}