{"id":3472,"date":"2023-07-07T15:06:53","date_gmt":"2023-07-07T18:06:53","guid":{"rendered":"https:\/\/fastindustria.com.br\/?page_id=3472"},"modified":"2023-08-11T11:12:31","modified_gmt":"2023-08-11T14:12:31","slug":"segmentos-e-aplicacoes","status":"publish","type":"page","link":"https:\/\/fastindustria.com.br\/en\/segmentos-e-aplicacoes\/","title":{"rendered":"Segments and applications"},"content":{"rendered":"<div data-elementor-type=\"wp-page\" data-elementor-id=\"3472\" class=\"elementor elementor-3472\" data-elementor-settings=\"{&quot;ha_cmc_init_switcher&quot;:&quot;no&quot;}\" data-elementor-post-type=\"page\">\n\t\t\t\t<div class=\"elementor-element elementor-element-17f2bd18 e-flex e-con-boxed e-con e-parent\" data-id=\"17f2bd18\" data-element_type=\"container\" data-e-type=\"container\" data-settings=\"{&quot;_ha_eqh_enable&quot;:false}\">\n\t\t\t\t\t<div class=\"e-con-inner\">\n\t\t\t\t<div class=\"elementor-element elementor-element-4ac5189a elementor-widget elementor-widget-text-editor\" data-id=\"4ac5189a\" data-element_type=\"widget\" data-e-type=\"widget\" data-widget_type=\"text-editor.default\">\n\t\t\t\t<div class=\"elementor-widget-container\">\n\t\t\t\t\t\t\t\t\t<p>Solutions<\/p>\t\t\t\t\t\t\t\t<\/div>\n\t\t\t\t<\/div>\n\t\t\t\t<div class=\"elementor-element elementor-element-2f68798a elementor-widget elementor-widget-heading\" data-id=\"2f68798a\" data-element_type=\"widget\" data-e-type=\"widget\" data-widget_type=\"heading.default\">\n\t\t\t\t<div class=\"elementor-widget-container\">\n\t\t\t\t\t<h2 class=\"elementor-heading-title elementor-size-default\">Segments and applications<\/h2>\t\t\t\t<\/div>\n\t\t\t\t<\/div>\n\t\t\t\t\t<\/div>\n\t\t\t\t<\/div>\n\t\t<div class=\"elementor-element elementor-element-213a4d09 elementor-hidden-desktop elementor-hidden-tablet elementor-hidden-mobile e-flex e-con-boxed e-con e-parent\" data-id=\"213a4d09\" data-element_type=\"container\" data-e-type=\"container\" data-settings=\"{&quot;_ha_eqh_enable&quot;:false}\">\n\t\t\t\t\t<div class=\"e-con-inner\">\n\t\t\t\t<div class=\"elementor-element elementor-element-15f8c11b elementor-widget elementor-widget-shortcode\" data-id=\"15f8c11b\" data-element_type=\"widget\" data-e-type=\"widget\" data-widget_type=\"shortcode.default\">\n\t\t\t\t<div class=\"elementor-widget-container\">\n\t\t\t\t\t\t\t<div class=\"elementor-shortcode\">[show_print_r_cases]<\/div>\n\t\t\t\t\t\t<\/div>\n\t\t\t\t<\/div>\n\t\t\t\t\t<\/div>\n\t\t\t\t<\/div>\n\t\t<div class=\"elementor-element elementor-element-0ed2293 e-flex e-con-boxed e-con e-parent\" data-id=\"0ed2293\" data-element_type=\"container\" data-e-type=\"container\" data-settings=\"{&quot;_ha_eqh_enable&quot;:false}\">\n\t\t\t\t\t<div class=\"e-con-inner\">\n\t\t\t\t<div class=\"elementor-element elementor-element-c3b4fbf segapli elementor-widget elementor-widget-shortcode\" data-id=\"c3b4fbf\" data-element_type=\"widget\" data-e-type=\"widget\" data-widget_type=\"shortcode.default\">\n\t\t\t\t<div class=\"elementor-widget-container\">\n\t\t\t\t\t    \n    <style>.woocommerce-categories {\n    display: flex;\n}\n\n.woocommerce-categories .column {\n    flex: 1;\n    padding: 10px;\n    box-sizing: border-box;\n}\n\n\/* Estilize as categorias de acordo com suas prefer\u00eancias *\/\n.woocommerce-categories .category {\n    margin-bottom: 20px;\n    border: 1px solid #FFE6C5;\n    padding: 25px 5% 5% 5%;\n    border-radius: 8px;\n}\n\n.woocommerce-categories .thumbnail img {\n    max-width: 100%;\n    height: auto;\n    margin-bottom: 10px;\n}\n\n.woocommerce-categories .title {\n    font-size: 18px;\n    font-weight: bold;\n    margin-bottom: 10px;\n}\n\n.woocommerce-categories .description {\n    font-size: 14px;\n}\n\n.caticonscat {\n    padding: 15px;\n    \/* height: 60px; *\/\n    margin: 5px 30px 10px 0;\n}\n\n\n.caticonsca{\n    height: 100px;\n    width: 100px;\n    background-repeat: no-repeat!important;\n    background-size: contain!important;\n    mix-blend-mode: difference;\n    filter: invert(71%) sepia(17%) saturate(903%) hue-rotate(177deg) brightness(98%) contrast(94%);\n    max-width: 25px;\n    max-height: 25px;\n\n}\n\n\n.caticonsca > div {\nwidth: 100%;\n    height: 100%;\n    background-size: contain!important;\n    background-repeat: no-repeat!important;\n    filter: brightness(0);\n        max-width: 25px;\n    max-height: 25px;\n\n}\n\n.category img {\n    max-height: 130px;\n    object-fit: cover;\n}\n\n.catdesc {\n    display: flex;\n}\n\n\n\n.category.Sem.categoria {\n    display: none;\n}\n\n\n\n\n<\/style>\n    <div class=\"woocommerce-categories\"><div class=\"column\"><div class=\"category Fast Rendering\"><img decoding=\"async\" class=\"thumbnail\" style=\"width: 533px; height: 201px; border-radius: 8px\" src=\"https:\/\/fastindustria.com.br\/wp-content\/uploads\/2024\/03\/fr-150x76.png\" alt=\"Fast Rendering\" \/><div class=\"catdesc\"><div class=\"caticonscat\" style=\" background: #FFE6C5; border-radius: 9999px\"><div class=\"caticonsca\" style=\"background: url(https:\/\/fastindustria.com.br\/wp-content\/uploads\/2024\/03\/Icone-moedor.svg);\">\n                        <div style=\"background: url(https:\/\/fastindustria.com.br\/wp-content\/uploads\/2024\/03\/Icone-moedor.svg);\"><\/div>\n                        <\/div><\/div><h3 class=\"title\">Fast Rendering<\/h3><\/div><div class=\"description\">Fast Rendering emerges as a new partner for animal recycling in a market scenario that demands modernization, efficiency and end-to-end plants. The solutions meet the needs of a wide range of sizes and processes: from reception, transportation of animal by-products, oil purification, shipping, to effluent treatment. Our approach includes the application of cutting-edge technologies to improve the production process, reduce costs and achieve high-quality results.\r\n\r\n<\/div><span class=\"saibamais1\" > <a href=\"https:\/\/fastindustria.com.br\/en\/product-category\/fast-rendering\/\" style=\"color: #474747; font-size: 16px; font-family: Roboto; font-weight: 400; line-height: 24px; word-wrap: break-word\"> Learn More <\/a> <\/span><\/div><div class=\"category Azeite de Abacate\"><img decoding=\"async\" class=\"thumbnail\" style=\"width: 533px; height: 201px; border-radius: 8px\" src=\"https:\/\/fastindustria.com.br\/wp-content\/uploads\/2023\/08\/azeite-de-abacate-150x76.png\" alt=\"Azeite de Abacate\" \/><div class=\"catdesc\"><div class=\"caticonscat\" style=\" background: #FFE6C5; border-radius: 9999px\"><div class=\"caticonsca\" style=\"background: url(https:\/\/fastindustria.com.br\/wp-content\/uploads\/2023\/06\/avocado.svg);\">\n                        <div style=\"background: url(https:\/\/fastindustria.com.br\/wp-content\/uploads\/2023\/06\/avocado.svg);\"><\/div>\n                        <\/div><\/div><h3 class=\"title\">Avocado Oil<\/h3><\/div><div class=\"description\">The avocado oil extraction segment also has equipment that brings Fast&#039;s quality and efficiency.<\/div><span class=\"saibamais1\" > <a href=\"https:\/\/fastindustria.com.br\/en\/product-category\/azeite-de-abacate\/\" style=\"color: #474747; font-size: 16px; font-family: Roboto; font-weight: 400; line-height: 24px; word-wrap: break-word\"> Learn More <\/a> <\/span><\/div><div class=\"category Outras Aplica\u00e7\u00f5es\"><img decoding=\"async\" class=\"thumbnail\" style=\"width: 533px; height: 201px; border-radius: 8px\" src=\"https:\/\/fastindustria.com.br\/wp-content\/uploads\/2023\/06\/Outras-Aplicacoes-150x76.png\" alt=\"Outras Aplica\u00e7\u00f5es\" \/><div class=\"catdesc\"><div class=\"caticonscat\" style=\" background: #FFE6C5; border-radius: 9999px\"><div class=\"caticonsca\" style=\"background: url(https:\/\/fastindustria.com.br\/wp-content\/uploads\/2023\/06\/folders.svg);\">\n                        <div style=\"background: url(https:\/\/fastindustria.com.br\/wp-content\/uploads\/2023\/06\/folders.svg);\"><\/div>\n                        <\/div><\/div><h3 class=\"title\">Other Applications<\/h3><\/div><div class=\"description\">There are several other possible applications, both for the systems and, mainly, for the phase separation equipment: centrifugal decanters and tridecanters and vertical centrifuges. \r\n<\/div><span class=\"saibamais1\" > <a href=\"https:\/\/fastindustria.com.br\/en\/product-category\/outras-aplicacoes\/\" style=\"color: #474747; font-size: 16px; font-family: Roboto; font-weight: 400; line-height: 24px; word-wrap: break-word\"> Learn More <\/a> <\/span><\/div><div class=\"category Frigor\u00edficos\"><img decoding=\"async\" class=\"thumbnail\" style=\"width: 533px; height: 201px; border-radius: 8px\" src=\"https:\/\/fastindustria.com.br\/wp-content\/uploads\/2023\/06\/Group-137-1-150x76.png\" alt=\"Frigor\u00edficos\" \/><div class=\"catdesc\"><div class=\"caticonscat\" style=\" background: #FFE6C5; border-radius: 9999px\"><div class=\"caticonsca\" style=\"background: url(https:\/\/fastindustria.com.br\/wp-content\/uploads\/2023\/06\/knife.svg);\">\n                        <div style=\"background: url(https:\/\/fastindustria.com.br\/wp-content\/uploads\/2023\/06\/knife.svg);\"><\/div>\n                        <\/div><\/div><h3 class=\"title\">Slaughterhouses<\/h3><\/div><div class=\"description\">Fast began its activities by understanding the needs of the meatpacking industry. Today, it has a wide range of poultry, swine and cattle slaughterhouses in Brazil and several countries in Latin America and Europe, and is a reference in effluent treatment in this segment. \r\n<\/div><span class=\"saibamais1\" > <a href=\"https:\/\/fastindustria.com.br\/en\/product-category\/frigorificos\/\" style=\"color: #474747; font-size: 16px; font-family: Roboto; font-weight: 400; line-height: 24px; word-wrap: break-word\"> Learn More <\/a> <\/span><\/div><div class=\"category \u00d3leo de Palma\"><img decoding=\"async\" class=\"thumbnail\" style=\"width: 533px; height: 201px; border-radius: 8px\" src=\"https:\/\/fastindustria.com.br\/wp-content\/uploads\/2023\/06\/Group-137-8-150x76.png\" alt=\"\u00d3leo de Palma\" \/><div class=\"catdesc\"><div class=\"caticonscat\" style=\" background: #FFE6C5; border-radius: 9999px\"><div class=\"caticonsca\" style=\"background: url(https:\/\/fastindustria.com.br\/wp-content\/uploads\/2023\/06\/oleodepalma.svg);\">\n                        <div style=\"background: url(https:\/\/fastindustria.com.br\/wp-content\/uploads\/2023\/06\/oleodepalma.svg);\"><\/div>\n                        <\/div><\/div><h3 class=\"title\">Palm Oil<\/h3><\/div><div class=\"description\">Fast is a leader in Latin America and provides exclusive palm oil clarification technology, guaranteeing productivity and minimizing environmental impacts.<\/div><span class=\"saibamais1\" > <a href=\"https:\/\/fastindustria.com.br\/en\/product-category\/oleo-de-palma\/\" style=\"color: #474747; font-size: 16px; font-family: Roboto; font-weight: 400; line-height: 24px; word-wrap: break-word\"> Learn More <\/a> <\/span><\/div><\/div><div class=\"column\"><div class=\"category Saneamento\"><img decoding=\"async\" class=\"thumbnail\" style=\"width: 533px; height: 201px; border-radius: 8px\" src=\"https:\/\/fastindustria.com.br\/wp-content\/uploads\/2023\/06\/Group-137-2-150x76.png\" alt=\"Saneamento\" \/><div class=\"catdesc\"><div class=\"caticonscat\" style=\" background: #FFE6C5; border-radius: 9999px\"><div class=\"caticonsca\" style=\"background: url(https:\/\/fastindustria.com.br\/wp-content\/uploads\/2023\/06\/handswater-1.svg);\">\n                        <div style=\"background: url(https:\/\/fastindustria.com.br\/wp-content\/uploads\/2023\/06\/handswater-1.svg);\"><\/div>\n                        <\/div><\/div><h3 class=\"title\">Sanitation<\/h3><\/div><div class=\"description\">With cutting-edge solutions and decades of experience, both in the treatment of drinking and reused water, as well as industrial effluents and domestic sewage, Fast is a reference in sanitation. <\/div><span class=\"saibamais1\" > <a href=\"https:\/\/fastindustria.com.br\/en\/product-category\/saneamento\/\" style=\"color: #474747; font-size: 16px; font-family: Roboto; font-weight: 400; line-height: 24px; word-wrap: break-word\"> Learn More <\/a> <\/span><\/div><div class=\"category Bebidas\"><img decoding=\"async\" class=\"thumbnail\" style=\"width: 533px; height: 201px; border-radius: 8px\" src=\"https:\/\/fastindustria.com.br\/wp-content\/uploads\/2023\/06\/bebidas-150x76.png\" alt=\"Bebidas\" \/><div class=\"catdesc\"><div class=\"caticonscat\" style=\" background: #FFE6C5; border-radius: 9999px\"><div class=\"caticonsca\" style=\"background: url(https:\/\/fastindustria.com.br\/wp-content\/uploads\/2023\/06\/drink.svg);\">\n                        <div style=\"background: url(https:\/\/fastindustria.com.br\/wp-content\/uploads\/2023\/06\/drink.svg);\"><\/div>\n                        <\/div><\/div><h3 class=\"title\">Beverages<\/h3><\/div><div class=\"description\">Juices, coconut water, wine, beer: these are just some of the beverages that our equipment can be used for, improving their processes and effluent treatment. <\/div><span class=\"saibamais1\" > <a href=\"https:\/\/fastindustria.com.br\/en\/product-category\/bebidas\/\" style=\"color: #474747; font-size: 16px; font-family: Roboto; font-weight: 400; line-height: 24px; word-wrap: break-word\"> Learn More <\/a> <\/span><\/div><div class=\"category Fast Grain\"><img decoding=\"async\" class=\"thumbnail\" style=\"width: 533px; height: 201px; border-radius: 8px\" src=\"https:\/\/fastindustria.com.br\/wp-content\/uploads\/2023\/06\/Group-137-6-150x76.png\" alt=\"Fast Grain\" \/><div class=\"catdesc\"><div class=\"caticonscat\" style=\" background: #FFE6C5; border-radius: 9999px\"><div class=\"caticonsca\" style=\"background: url(https:\/\/fastindustria.com.br\/wp-content\/uploads\/2023\/06\/grain.svg);\">\n                        <div style=\"background: url(https:\/\/fastindustria.com.br\/wp-content\/uploads\/2023\/06\/grain.svg);\"><\/div>\n                        <\/div><\/div><h3 class=\"title\">Fast Grain<\/h3><\/div><div class=\"description\">Fast technology for plants and equipment to obtain ethanol from cereals and other by-products aims to break current paradigms, offering the best in Brazil.<\/div><span class=\"saibamais1\" > <a href=\"https:\/\/fastindustria.com.br\/en\/product-category\/fast-grain\/\" style=\"color: #474747; font-size: 16px; font-family: Roboto; font-weight: 400; line-height: 24px; word-wrap: break-word\"> Learn More <\/a> <\/span><\/div><div class=\"category Minera\u00e7\u00e3o\"><img decoding=\"async\" class=\"thumbnail\" style=\"width: 533px; height: 201px; border-radius: 8px\" src=\"https:\/\/fastindustria.com.br\/wp-content\/uploads\/2023\/06\/Group-137-4-150x76.png\" alt=\"Minera\u00e7\u00e3o\" \/><div class=\"catdesc\"><div class=\"caticonscat\" style=\" background: #FFE6C5; border-radius: 9999px\"><div class=\"caticonsca\" style=\"background: url(https:\/\/fastindustria.com.br\/wp-content\/uploads\/2023\/06\/Tools.svg);\">\n                        <div style=\"background: url(https:\/\/fastindustria.com.br\/wp-content\/uploads\/2023\/06\/Tools.svg);\"><\/div>\n                        <\/div><\/div><h3 class=\"title\">Mining<\/h3><\/div><div class=\"description\">Fast offers technology for decommissioning dams and effluent treatment for mining companies<\/div><span class=\"saibamais1\" > <a href=\"https:\/\/fastindustria.com.br\/en\/product-category\/mineracao\/\" style=\"color: #474747; font-size: 16px; font-family: Roboto; font-weight: 400; line-height: 24px; word-wrap: break-word\"> Learn More <\/a> <\/span><\/div><div class=\"category Sem categoria\"><img decoding=\"async\" class=\"thumbnail\" style=\"width: 533px; height: 201px; border-radius: 8px\" src=\"\" alt=\"Sem categoria\" \/><div class=\"catdesc\"><div class=\"caticonscat\" style=\" background: #FFE6C5; border-radius: 9999px\"><div class=\"caticonsca\" style=\"background: url();\">\n                        <div style=\"background: url();\"><\/div>\n                        <\/div><\/div><h3 class=\"title\">Uncategorized<\/h3><\/div><div class=\"description\">00<\/div><span class=\"saibamais1\" > <a href=\"https:\/\/fastindustria.com.br\/en\/product-category\/sem-categoria\/\" style=\"color: #474747; font-size: 16px; font-family: Roboto; font-weight: 400; line-height: 24px; word-wrap: break-word\"> Learn More <\/a> <\/span><\/div><\/div><div class=\"column\"><div class=\"category A\u00e7a\u00ed\"><img decoding=\"async\" class=\"thumbnail\" style=\"width: 533px; height: 201px; border-radius: 8px\" src=\"https:\/\/fastindustria.com.br\/wp-content\/uploads\/2023\/06\/acai-150x76.png\" alt=\"A\u00e7a\u00ed\" \/><div class=\"catdesc\"><div class=\"caticonscat\" style=\" background: #FFE6C5; border-radius: 9999px\"><div class=\"caticonsca\" style=\"background: url(https:\/\/fastindustria.com.br\/wp-content\/uploads\/2023\/06\/acai.svg);\">\n                        <div style=\"background: url(https:\/\/fastindustria.com.br\/wp-content\/uploads\/2023\/06\/acai.svg);\"><\/div>\n                        <\/div><\/div><h3 class=\"title\">A\u00e7a\u00ed<\/h3><\/div><div class=\"description\">Fast develops equipment for special applications. An example of this is the a\u00e7a\u00ed processing segment, both in the treatment of effluents and in the extraction of the fruit pulp. \r\n<\/div><span class=\"saibamais1\" > <a href=\"https:\/\/fastindustria.com.br\/en\/product-category\/acai\/\" style=\"color: #474747; font-size: 16px; font-family: Roboto; font-weight: 400; line-height: 24px; word-wrap: break-word\"> Learn More <\/a> <\/span><\/div><div class=\"category Latic\u00ednios\"><img decoding=\"async\" class=\"thumbnail\" style=\"width: 533px; height: 201px; border-radius: 8px\" src=\"https:\/\/fastindustria.com.br\/wp-content\/uploads\/2023\/06\/Group-137-150x76.png\" alt=\"Latic\u00ednios\" \/><div class=\"catdesc\"><div class=\"caticonscat\" style=\" background: #FFE6C5; border-radius: 9999px\"><div class=\"caticonsca\" style=\"background: url(https:\/\/fastindustria.com.br\/wp-content\/uploads\/2023\/06\/cheese.svg);\">\n                        <div style=\"background: url(https:\/\/fastindustria.com.br\/wp-content\/uploads\/2023\/06\/cheese.svg);\"><\/div>\n                        <\/div><\/div><h3 class=\"title\">Dairy<\/h3><\/div><div class=\"description\">Fast develops cutting-edge technology solutions for the most diverse processes in the dairy industry.<\/div><span class=\"saibamais1\" > <a href=\"https:\/\/fastindustria.com.br\/en\/product-category\/laticinios\/\" style=\"color: #474747; font-size: 16px; font-family: Roboto; font-weight: 400; line-height: 24px; word-wrap: break-word\"> Learn More <\/a> <\/span><\/div><div class=\"category Azeite de Oliva\"><img decoding=\"async\" class=\"thumbnail\" style=\"width: 533px; height: 201px; border-radius: 8px\" src=\"https:\/\/fastindustria.com.br\/wp-content\/uploads\/2023\/06\/Group-137-3-150x76.png\" alt=\"Azeite de Oliva\" \/><div class=\"catdesc\"><div class=\"caticonscat\" style=\" background: #FFE6C5; border-radius: 9999px\"><div class=\"caticonsca\" style=\"background: url(https:\/\/fastindustria.com.br\/wp-content\/uploads\/2023\/06\/oliveoil-1.png);\">\n                        <div style=\"background: url(https:\/\/fastindustria.com.br\/wp-content\/uploads\/2023\/06\/oliveoil-1.png);\"><\/div>\n                        <\/div><\/div><h3 class=\"title\">Olive Oil<\/h3><\/div><div class=\"description\">The first Brazilian manufacturer of a complete extraction system, Fast is proud to help the sector grow in Brazil and see its customers gaining more and more international notoriety, expanding their operations to other countries that are traditional in olive oil cultivation. <\/div><span class=\"saibamais1\" > <a href=\"https:\/\/fastindustria.com.br\/en\/product-category\/azeite-de-oliva\/\" style=\"color: #474747; font-size: 16px; font-family: Roboto; font-weight: 400; line-height: 24px; word-wrap: break-word\"> Learn More <\/a> <\/span><\/div><div class=\"category Papel e Celulose\"><img decoding=\"async\" class=\"thumbnail\" style=\"width: 533px; height: 201px; border-radius: 8px\" src=\"https:\/\/fastindustria.com.br\/wp-content\/uploads\/2023\/06\/Group-137-5-150x76.png\" alt=\"Papel e Celulose\" \/><div class=\"catdesc\"><div class=\"caticonscat\" style=\" background: #FFE6C5; border-radius: 9999px\"><div class=\"caticonsca\" style=\"background: url(https:\/\/fastindustria.com.br\/wp-content\/uploads\/2023\/06\/paper.svg);\">\n                        <div style=\"background: url(https:\/\/fastindustria.com.br\/wp-content\/uploads\/2023\/06\/paper.svg);\"><\/div>\n                        <\/div><\/div><h3 class=\"title\">Paper and Pulp<\/h3><\/div><div class=\"description\">Fast has numerous successful experiences in the treatment of effluents from the paper industry. Our technologies are also applied to other processes in the segment, always with the aim of making the industry more sustainable. <\/div><span class=\"saibamais1\" > <a href=\"https:\/\/fastindustria.com.br\/en\/product-category\/papel-celulose\/\" style=\"color: #474747; font-size: 16px; font-family: Roboto; font-weight: 400; line-height: 24px; word-wrap: break-word\"> Learn More <\/a> <\/span><\/div><\/div><\/div>\t\t<div class=\"elementor-shortcode\"><\/div>\n\t\t\t\t\t\t<\/div>\n\t\t\t\t<\/div>\n\t\t\t\t\t<\/div>\n\t\t\t\t<\/div>\n\t\t\t\t<\/div>","protected":false},"excerpt":{"rendered":"<p>Solu\u00e7\u00f5es Segmentos e Aplica\u00e7\u00f5es [exibir_print_r_cases]<\/p>","protected":false},"author":1,"featured_media":0,"parent":0,"menu_order":27,"comment_status":"closed","ping_status":"closed","template":"","meta":{"arquivo_cliente":"","_joinchat":[],"footnotes":""},"class_list":["post-3472","page","type-page","status-publish","hentry"],"acf":[],"_hostinger_reach_plugin_has_subscription_block":false,"_hostinger_reach_plugin_is_elementor":false,"_links":{"self":[{"href":"https:\/\/fastindustria.com.br\/en\/wp-json\/wp\/v2\/pages\/3472","targetHints":{"allow":["GET"]}}],"collection":[{"href":"https:\/\/fastindustria.com.br\/en\/wp-json\/wp\/v2\/pages"}],"about":[{"href":"https:\/\/fastindustria.com.br\/en\/wp-json\/wp\/v2\/types\/page"}],"author":[{"embeddable":true,"href":"https:\/\/fastindustria.com.br\/en\/wp-json\/wp\/v2\/users\/1"}],"replies":[{"embeddable":true,"href":"https:\/\/fastindustria.com.br\/en\/wp-json\/wp\/v2\/comments?post=3472"}],"version-history":[{"count":13,"href":"https:\/\/fastindustria.com.br\/en\/wp-json\/wp\/v2\/pages\/3472\/revisions"}],"predecessor-version":[{"id":12469,"href":"https:\/\/fastindustria.com.br\/en\/wp-json\/wp\/v2\/pages\/3472\/revisions\/12469"}],"wp:attachment":[{"href":"https:\/\/fastindustria.com.br\/en\/wp-json\/wp\/v2\/media?parent=3472"}],"curies":[{"name":"wp","href":"https:\/\/api.w.org\/{rel}","templated":true}]}}